{"id":1058,"date":"2020-08-26T20:26:16","date_gmt":"2020-08-26T20:26:16","guid":{"rendered":"https:\/\/accres.eu\/accres_html\/?page_id=1058"},"modified":"2025-10-15T19:45:38","modified_gmt":"2025-10-15T19:45:38","slug":"juriidilised-teenused","status":"publish","type":"page","link":"https:\/\/accres.eu\/et\/juridicheskie-uslugi\/","title":{"rendered":"\u00d5igusteenused"},"content":{"rendered":"<div data-elementor-type=\"wp-page\" data-elementor-id=\"1058\" class=\"elementor elementor-1058\" data-elementor-post-type=\"page\">\n\t\t\t\t\t\t<section class=\"elementor-section elementor-top-section elementor-element elementor-element-dbcddcc elementor-section-boxed elementor-section-height-default elementor-section-height-default\" data-id=\"dbcddcc\" data-element_type=\"section\" data-e-type=\"section\" data-settings=\"{&quot;background_background&quot;:&quot;classic&quot;}\">\n\t\t\t\t\t\t<div class=\"elementor-container elementor-column-gap-default\">\n\t\t\t\t\t<div class=\"elementor-column elementor-col-100 elementor-top-column elementor-element elementor-element-87b0d72\" data-id=\"87b0d72\" data-element_type=\"column\" data-e-type=\"column\">\n\t\t\t<div class=\"elementor-widget-wrap elementor-element-populated\">\n\t\t\t\t\t\t<div class=\"elementor-element elementor-element-2796caf elementor-widget elementor-widget-heading\" data-id=\"2796caf\" data-element_type=\"widget\" data-e-type=\"widget\" data-widget_type=\"heading.default\">\n\t\t\t\t\t<h2 class=\"elementor-heading-title elementor-size-default\">\u00d5igusteenused<\/h2>\t\t\t\t<\/div>\n\t\t\t\t\t<\/div>\n\t\t<\/div>\n\t\t\t\t\t<\/div>\n\t\t<\/section>\n\t\t\t\t<section class=\"elementor-section elementor-top-section elementor-element elementor-element-4772052 elementor-section-boxed elementor-section-height-default elementor-section-height-default\" data-id=\"4772052\" data-element_type=\"section\" data-e-type=\"section\">\n\t\t\t\t\t\t<div class=\"elementor-container elementor-column-gap-default\">\n\t\t\t\t\t<div class=\"elementor-column elementor-col-50 elementor-top-column elementor-element elementor-element-3dd0529\" data-id=\"3dd0529\" data-element_type=\"column\" data-e-type=\"column\">\n\t\t\t<div class=\"elementor-widget-wrap elementor-element-populated\">\n\t\t\t\t\t\t<div class=\"elementor-element elementor-element-3bd8352 elementor-widget elementor-widget-heading\" data-id=\"3bd8352\" data-element_type=\"widget\" data-e-type=\"widget\" data-widget_type=\"heading.default\">\n\t\t\t\t\t<h3 class=\"elementor-heading-title elementor-size-default\">Muudatused \u00e4riregistris<\/h3>\t\t\t\t<\/div>\n\t\t\t\t<div class=\"elementor-element elementor-element-d321077 elementor-widget elementor-widget-text-editor\" data-id=\"d321077\" data-element_type=\"widget\" data-e-type=\"widget\" data-widget_type=\"text-editor.default\">\n\t\t\t\t\t\t\t\t\t<p>Mis tahes muudatused \u00e4ri\u00fchingus, n\u00e4iteks juhatuse liikmete ametisse nimetamine ja tagasikutsumine, p\u00f5hikirjaj\u00e4rgse kapitali suurendamine\/v\u00e4hendamine, nime, aadressi, p\u00f5hikirja, kontaktandmete muutmine jne.<\/p>\t\t\t\t\t\t\t\t<\/div>\n\t\t\t\t<div class=\"elementor-element elementor-element-351cfc2 elementor-widget elementor-widget-heading\" data-id=\"351cfc2\" data-element_type=\"widget\" data-e-type=\"widget\" data-widget_type=\"heading.default\">\n\t\t\t\t\t<h3 class=\"elementor-heading-title elementor-size-default\">Ettev\u00f5tete likvideerimine<\/h3>\t\t\t\t<\/div>\n\t\t\t\t<div class=\"elementor-element elementor-element-a3b80e6 elementor-widget elementor-widget-text-editor\" data-id=\"a3b80e6\" data-element_type=\"widget\" data-e-type=\"widget\" data-widget_type=\"text-editor.default\">\n\t\t\t\t\t\t\t\t\t<p>Likvideerija m\u00e4\u00e4ramine, juriidilise isiku likvideerimisest teavitamine, likvideerimisaruannete koostamine ja registrist kustutamine.<\/p>\t\t\t\t\t\t\t\t<\/div>\n\t\t\t\t<div class=\"elementor-element elementor-element-5cd6951 elementor-widget elementor-widget-heading\" data-id=\"5cd6951\" data-element_type=\"widget\" data-e-type=\"widget\" data-widget_type=\"heading.default\">\n\t\t\t\t\t<h3 class=\"elementor-heading-title elementor-size-default\">Lepingute vormistamine<\/h3>\t\t\t\t<\/div>\n\t\t\t\t<div class=\"elementor-element elementor-element-fc5ebb3 elementor-widget elementor-widget-text-editor\" data-id=\"fc5ebb3\" data-element_type=\"widget\" data-e-type=\"widget\" data-widget_type=\"text-editor.default\">\n\t\t\t\t\t\t\t\t\t<p>T\u00f6\u00f6lepingute ja kaupade\/teenuste tarnimise lepingute vormistamine.<\/p>\t\t\t\t\t\t\t\t<\/div>\n\t\t\t\t<div class=\"elementor-element elementor-element-86ae9e4 elementor-widget elementor-widget-heading\" data-id=\"86ae9e4\" data-element_type=\"widget\" data-e-type=\"widget\" data-widget_type=\"heading.default\">\n\t\t\t\t\t<h3 class=\"elementor-heading-title elementor-size-default\">Omanike vahelised vaidlused<\/h3>\t\t\t\t<\/div>\n\t\t\t\t<div class=\"elementor-element elementor-element-a40d4bb elementor-widget elementor-widget-text-editor\" data-id=\"a40d4bb\" data-element_type=\"widget\" data-e-type=\"widget\" data-widget_type=\"text-editor.default\">\n\t\t\t\t\t\t\t\t\t<p>N\u00f5ustamine sama ettev\u00f5tte omanike vaheliste vaidluste lahendamisel, kohtule esitatavate avalduste ettevalmistamine, omaniku huvide kaitsmine kohtus.<\/p>\t\t\t\t\t\t\t\t<\/div>\n\t\t\t\t<div class=\"elementor-element elementor-element-4df22fd elementor-widget elementor-widget-text-editor\" data-id=\"4df22fd\" data-element_type=\"widget\" data-e-type=\"widget\" data-widget_type=\"text-editor.default\">\n\t\t\t\t\t\t\t\t\t<p><strong>NB! Need teenused<\/strong><strong> on ette n\u00e4htud ainult raamatupidamistariifiga seotud klientidele.<\/strong><\/p>\t\t\t\t\t\t\t\t<\/div>\n\t\t\t\t\t<\/div>\n\t\t<\/div>\n\t\t\t\t<div class=\"elementor-column elementor-col-50 elementor-top-column elementor-element elementor-element-a65db75\" data-id=\"a65db75\" data-element_type=\"column\" data-e-type=\"column\">\n\t\t\t<div class=\"elementor-widget-wrap elementor-element-populated\">\n\t\t\t\t\t\t<div class=\"elementor-element elementor-element-86f10f3 elementor-widget elementor-widget-image\" data-id=\"86f10f3\" data-element_type=\"widget\" data-e-type=\"widget\" data-widget_type=\"image.default\">\n\t\t\t\t\t\t\t\t\t\t\t\t\t\t\t<img fetchpriority=\"high\" decoding=\"async\" width=\"1024\" height=\"835\" src=\"https:\/\/accres.eu\/wp-content\/uploads\/2019\/05\/undraw_hiring_cyhs-1024x835.png\" class=\"attachment-large size-large wp-image-832\" alt=\"\" srcset=\"https:\/\/accres.eu\/wp-content\/uploads\/2019\/05\/undraw_hiring_cyhs-1024x835.png 1024w, https:\/\/accres.eu\/wp-content\/uploads\/2019\/05\/undraw_hiring_cyhs-300x245.png 300w, https:\/\/accres.eu\/wp-content\/uploads\/2019\/05\/undraw_hiring_cyhs-768x626.png 768w, https:\/\/accres.eu\/wp-content\/uploads\/2019\/05\/undraw_hiring_cyhs-600x489.png 600w, https:\/\/accres.eu\/wp-content\/uploads\/2019\/05\/undraw_hiring_cyhs.png 1114w\" sizes=\"(max-width: 1024px) 100vw, 1024px\" \/>\t\t\t\t\t\t\t\t\t\t\t\t\t\t\t<\/div>\n\t\t\t\t\t<\/div>\n\t\t<\/div>\n\t\t\t\t\t<\/div>\n\t\t<\/section>\n\t\t\t\t<section class=\"elementor-section elementor-top-section elementor-element elementor-element-e0c6958 elementor-section-boxed elementor-section-height-default elementor-section-height-default\" data-id=\"e0c6958\" data-element_type=\"section\" data-e-type=\"section\">\n\t\t\t\t\t\t<div class=\"elementor-container elementor-column-gap-default\">\n\t\t\t\t\t<div class=\"elementor-column elementor-col-100 elementor-top-column elementor-element elementor-element-efe7211\" data-id=\"efe7211\" data-element_type=\"column\" data-e-type=\"column\">\n\t\t\t<div class=\"elementor-widget-wrap elementor-element-populated\">\n\t\t\t\t\t\t<div class=\"elementor-element elementor-element-9223c9f elementor-widget elementor-widget-spacer\" data-id=\"9223c9f\" data-element_type=\"widget\" data-e-type=\"widget\" data-widget_type=\"spacer.default\">\n\t\t\t\t\t\t\t<div class=\"elementor-spacer\">\n\t\t\t<div class=\"elementor-spacer-inner\"><\/div>\n\t\t<\/div>\n\t\t\t\t\t\t<\/div>\n\t\t\t\t\t<\/div>\n\t\t<\/div>\n\t\t\t\t\t<\/div>\n\t\t<\/section>\n\t\t\t\t<section class=\"elementor-section elementor-top-section elementor-element elementor-element-4c3dcf4 elementor-section-boxed elementor-section-height-default elementor-section-height-default\" data-id=\"4c3dcf4\" data-element_type=\"section\" data-e-type=\"section\" data-settings=\"{&quot;background_background&quot;:&quot;classic&quot;}\">\n\t\t\t\t\t\t<div class=\"elementor-container elementor-column-gap-default\">\n\t\t\t\t\t<div class=\"elementor-column elementor-col-100 elementor-top-column elementor-element elementor-element-194df09\" data-id=\"194df09\" data-element_type=\"column\" data-e-type=\"column\">\n\t\t\t<div class=\"elementor-widget-wrap elementor-element-populated\">\n\t\t\t\t\t\t<div class=\"elementor-element elementor-element-b7239f6 elementor-widget elementor-widget-heading\" data-id=\"b7239f6\" data-element_type=\"widget\" data-e-type=\"widget\" data-widget_type=\"heading.default\">\n\t\t\t\t\t<h3 class=\"elementor-heading-title elementor-size-default\"><b>Soovite teada, kui palju maksavad \u00f5igusteenused?<\/b><\/h3>\t\t\t\t<\/div>\n\t\t\t\t<div class=\"elementor-element elementor-element-d0c65c3 elementor-align-center elementor-widget elementor-widget-button\" data-id=\"d0c65c3\" data-element_type=\"widget\" data-e-type=\"widget\" data-widget_type=\"button.default\">\n\t\t\t\t\t\t\t\t\t\t<a class=\"elementor-button elementor-button-link elementor-size-sm\" href=\"https:\/\/accres.eu\/et\/juriidiliste-teenuste-hind\/\">\n\t\t\t\t\t\t<span class=\"elementor-button-content-wrapper\">\n\t\t\t\t\t\t\t\t\t<span class=\"elementor-button-text\">Mine hindade juurde<\/span>\n\t\t\t\t\t<\/span>\n\t\t\t\t\t<\/a>\n\t\t\t\t\t\t\t\t<\/div>\n\t\t\t\t\t<\/div>\n\t\t<\/div>\n\t\t\t\t\t<\/div>\n\t\t<\/section>\n\t\t\t\t<\/div>","protected":false},"excerpt":{"rendered":"<p>\u042e\u0440\u0438\u0434\u0438\u0447\u0435\u0441\u043a\u0438\u0435 \u0443\u0441\u043b\u0443\u0433\u0438 \u0418\u0437\u043c\u0435\u043d\u0435\u043d\u0438\u044f \u0432 \u0431\u0438\u0437\u043d\u0435\u0441-\u0440\u0435\u0433\u0438\u0441\u0442\u0440\u0435 \u041b\u044e\u0431\u044b\u0435 \u0438\u0437\u043c\u0435\u043d\u0435\u043d\u0438\u044f \u0432 \u043a\u043e\u043c\u043f\u0430\u043d\u0438\u0438 \u0442\u0430\u043a\u0438\u0435 \u043a\u0430\u043a \u043d\u0430\u0437\u043d\u0430\u0447\u0435\u043d\u0438\u0435 \u0438 \u043e\u0442\u0437\u044b\u0432 \u0447\u043b\u0435\u043d\u043e\u0432 \u043f\u0440\u0430\u0432\u043b\u0435\u043d\u0438\u044f, \u0443\u0432\u0435\u043b\u0438\u0447\u0435\u043d\u0438\u0435\/\u0443\u043c\u0435\u043d\u044c\u0448\u0435\u043d\u0438\u0435 \u0443\u0441\u0442\u0430\u0432\u043d\u043e\u0433\u043e \u043a\u0430\u043f\u0438\u0442\u0430\u043b\u0430, \u0438\u0437\u043c\u0435\u043d\u0435\u043d\u0438\u0435 \u043d\u0430\u0437\u0432\u0430\u043d\u0438\u044f, \u0430\u0434\u0440\u0435\u0441\u0430, \u0443\u0441\u0442\u0430\u0432\u0430, \u043a\u043e\u043d\u0442\u0430\u043a\u0442\u043d\u044b\u0445 \u0434\u0430\u043d\u043d\u044b\u0445 \u0438 \u0442. \u0434. \u041b\u0438\u043a\u0432\u0438\u0434\u0430\u0446\u0438\u044f \u043a\u043e\u043c\u043f\u0430\u043d\u0438\u0439 \u041d\u0430\u0437\u043d\u0430\u0447\u0435\u043d\u0438\u0435 \u043b\u0438\u043a\u0432\u0438\u0434\u0430\u0442\u043e\u0440\u0430, \u043e\u043f\u043e\u0432\u0435\u0449\u0435\u043d\u0438\u0435 \u043e\u0431\u0449\u0435\u0441\u0442\u0432\u0435\u043d\u043d\u043e\u0441\u0442\u0438 \u043e \u043b\u0438\u043a\u0432\u0438\u0434\u0430\u0446\u0438\u0438 \u044e\u0440\u0438\u0434\u0438\u0447\u0435\u0441\u043a\u043e\u0433\u043e \u043b\u0438\u0446\u0430, \u043f\u043e\u0434\u0433\u043e\u0442\u043e\u0432\u043a\u0430 \u043b\u0438\u043a\u0432\u0438\u0434\u0430\u0446\u0438\u043e\u043d\u043d\u044b\u0445 \u043e\u0442\u0447\u0451\u0442\u043e\u0432, \u0443\u0434\u0430\u043b\u0435\u043d\u0438\u0435 \u0438\u0437 \u0440\u0435\u0433\u0438\u0441\u0442\u0440\u0430. \u041e\u0444\u043e\u0440\u043c\u043b\u0435\u043d\u0438\u0435 \u0434\u043e\u0433\u043e\u0432\u043e\u0440\u043e\u0432 \u041e\u0444\u043e\u0440\u043c\u043b\u0435\u043d\u0438\u0435 \u0442\u0440\u0443\u0434\u043e\u0432\u044b\u0445 \u0434\u043e\u0433\u043e\u0432\u043e\u0440\u043e\u0432 \u0438 \u0434\u043e\u0433\u043e\u0432\u043e\u0440\u043e\u0432 \u043e \u043f\u043e\u0441\u0442\u0430\u0432\u043a\u0435 \u0442\u043e\u0432\u0430\u0440\u0430\/\u043e\u043a\u0430\u0437\u0430\u043d\u0438\u0438 \u0443\u0441\u043b\u0443\u0433. [&hellip;]<\/p>\n","protected":false},"author":1,"featured_media":0,"parent":0,"menu_order":0,"comment_status":"closed","ping_status":"closed","template":"page-templates\/fullwidth-content.php","meta":{"footnotes":""},"class_list":["post-1058","page","type-page","status-publish","hentry"],"yoast_head":"<!-- This site is optimized with the Yoast SEO plugin v27.0 - https:\/\/yoast.com\/product\/yoast-seo-wordpress\/ -->\n<title>\u042e\u0440\u0438\u0434\u0438\u0447\u0435\u0441\u043a\u0438\u0435 \u0443\u0441\u043b\u0443\u0433\u0438 - Accounting Resources<\/title>\n<meta name=\"robots\" content=\"index, follow, max-snippet:-1, max-image-preview:large, max-video-preview:-1\" \/>\n<link rel=\"canonical\" href=\"https:\/\/accres.eu\/et\/juriidilised-teenused\/\" \/>\n<meta property=\"og:locale\" content=\"et_EE\" \/>\n<meta property=\"og:type\" content=\"article\" \/>\n<meta property=\"og:title\" content=\"\u042e\u0440\u0438\u0434\u0438\u0447\u0435\u0441\u043a\u0438\u0435 \u0443\u0441\u043b\u0443\u0433\u0438 - Accounting Resources\" \/>\n<meta property=\"og:description\" content=\"\u042e\u0440\u0438\u0434\u0438\u0447\u0435\u0441\u043a\u0438\u0435 \u0443\u0441\u043b\u0443\u0433\u0438 \u0418\u0437\u043c\u0435\u043d\u0435\u043d\u0438\u044f \u0432 \u0431\u0438\u0437\u043d\u0435\u0441-\u0440\u0435\u0433\u0438\u0441\u0442\u0440\u0435 \u041b\u044e\u0431\u044b\u0435 \u0438\u0437\u043c\u0435\u043d\u0435\u043d\u0438\u044f \u0432 \u043a\u043e\u043c\u043f\u0430\u043d\u0438\u0438 \u0442\u0430\u043a\u0438\u0435 \u043a\u0430\u043a \u043d\u0430\u0437\u043d\u0430\u0447\u0435\u043d\u0438\u0435 \u0438 \u043e\u0442\u0437\u044b\u0432 \u0447\u043b\u0435\u043d\u043e\u0432 \u043f\u0440\u0430\u0432\u043b\u0435\u043d\u0438\u044f, \u0443\u0432\u0435\u043b\u0438\u0447\u0435\u043d\u0438\u0435\/\u0443\u043c\u0435\u043d\u044c\u0448\u0435\u043d\u0438\u0435 \u0443\u0441\u0442\u0430\u0432\u043d\u043e\u0433\u043e \u043a\u0430\u043f\u0438\u0442\u0430\u043b\u0430, \u0438\u0437\u043c\u0435\u043d\u0435\u043d\u0438\u0435 \u043d\u0430\u0437\u0432\u0430\u043d\u0438\u044f, \u0430\u0434\u0440\u0435\u0441\u0430, \u0443\u0441\u0442\u0430\u0432\u0430, \u043a\u043e\u043d\u0442\u0430\u043a\u0442\u043d\u044b\u0445 \u0434\u0430\u043d\u043d\u044b\u0445 \u0438 \u0442. \u0434. \u041b\u0438\u043a\u0432\u0438\u0434\u0430\u0446\u0438\u044f \u043a\u043e\u043c\u043f\u0430\u043d\u0438\u0439 \u041d\u0430\u0437\u043d\u0430\u0447\u0435\u043d\u0438\u0435 \u043b\u0438\u043a\u0432\u0438\u0434\u0430\u0442\u043e\u0440\u0430, \u043e\u043f\u043e\u0432\u0435\u0449\u0435\u043d\u0438\u0435 \u043e\u0431\u0449\u0435\u0441\u0442\u0432\u0435\u043d\u043d\u043e\u0441\u0442\u0438 \u043e \u043b\u0438\u043a\u0432\u0438\u0434\u0430\u0446\u0438\u0438 \u044e\u0440\u0438\u0434\u0438\u0447\u0435\u0441\u043a\u043e\u0433\u043e \u043b\u0438\u0446\u0430, \u043f\u043e\u0434\u0433\u043e\u0442\u043e\u0432\u043a\u0430 \u043b\u0438\u043a\u0432\u0438\u0434\u0430\u0446\u0438\u043e\u043d\u043d\u044b\u0445 \u043e\u0442\u0447\u0451\u0442\u043e\u0432, \u0443\u0434\u0430\u043b\u0435\u043d\u0438\u0435 \u0438\u0437 \u0440\u0435\u0433\u0438\u0441\u0442\u0440\u0430. \u041e\u0444\u043e\u0440\u043c\u043b\u0435\u043d\u0438\u0435 \u0434\u043e\u0433\u043e\u0432\u043e\u0440\u043e\u0432 \u041e\u0444\u043e\u0440\u043c\u043b\u0435\u043d\u0438\u0435 \u0442\u0440\u0443\u0434\u043e\u0432\u044b\u0445 \u0434\u043e\u0433\u043e\u0432\u043e\u0440\u043e\u0432 \u0438 \u0434\u043e\u0433\u043e\u0432\u043e\u0440\u043e\u0432 \u043e \u043f\u043e\u0441\u0442\u0430\u0432\u043a\u0435 \u0442\u043e\u0432\u0430\u0440\u0430\/\u043e\u043a\u0430\u0437\u0430\u043d\u0438\u0438 \u0443\u0441\u043b\u0443\u0433. [&hellip;]\" \/>\n<meta property=\"og:url\" content=\"https:\/\/accres.eu\/et\/juriidilised-teenused\/\" \/>\n<meta property=\"og:site_name\" content=\"Accounting Resources\" \/>\n<meta property=\"article:publisher\" content=\"https:\/\/www.facebook.com\/accreseu\" \/>\n<meta property=\"article:modified_time\" content=\"2025-10-15T19:45:38+00:00\" \/>\n<meta property=\"og:image\" content=\"https:\/\/accres.eu\/wp-content\/uploads\/2019\/05\/undraw_hiring_cyhs.png\" \/>\n\t<meta property=\"og:image:width\" content=\"1114\" \/>\n\t<meta property=\"og:image:height\" content=\"908\" \/>\n\t<meta property=\"og:image:type\" content=\"image\/png\" \/>\n<meta name=\"twitter:card\" content=\"summary_large_image\" \/>\n<meta name=\"twitter:label1\" content=\"Est. reading time\" \/>\n\t<meta name=\"twitter:data1\" content=\"1 minut\" \/>\n<script type=\"application\/ld+json\" class=\"yoast-schema-graph\">{\"@context\":\"https:\/\/schema.org\",\"@graph\":[{\"@type\":\"WebPage\",\"@id\":\"https:\/\/accres.eu\/juridicheskie-uslugi\/\",\"url\":\"https:\/\/accres.eu\/juridicheskie-uslugi\/\",\"name\":\"\u042e\u0440\u0438\u0434\u0438\u0447\u0435\u0441\u043a\u0438\u0435 \u0443\u0441\u043b\u0443\u0433\u0438 - Accounting Resources\",\"isPartOf\":{\"@id\":\"https:\/\/accres.eu\/en\/#website\"},\"primaryImageOfPage\":{\"@id\":\"https:\/\/accres.eu\/juridicheskie-uslugi\/#primaryimage\"},\"image\":{\"@id\":\"https:\/\/accres.eu\/juridicheskie-uslugi\/#primaryimage\"},\"thumbnailUrl\":\"https:\/\/accres.eu\/wp-content\/uploads\/2019\/05\/undraw_hiring_cyhs-1024x835.png\",\"datePublished\":\"2020-08-26T20:26:16+00:00\",\"dateModified\":\"2025-10-15T19:45:38+00:00\",\"breadcrumb\":{\"@id\":\"https:\/\/accres.eu\/juridicheskie-uslugi\/#breadcrumb\"},\"inLanguage\":\"et\",\"potentialAction\":[{\"@type\":\"ReadAction\",\"target\":[\"https:\/\/accres.eu\/juridicheskie-uslugi\/\"]}]},{\"@type\":\"ImageObject\",\"inLanguage\":\"et\",\"@id\":\"https:\/\/accres.eu\/juridicheskie-uslugi\/#primaryimage\",\"url\":\"https:\/\/accres.eu\/wp-content\/uploads\/2019\/05\/undraw_hiring_cyhs-1024x835.png\",\"contentUrl\":\"https:\/\/accres.eu\/wp-content\/uploads\/2019\/05\/undraw_hiring_cyhs-1024x835.png\"},{\"@type\":\"BreadcrumbList\",\"@id\":\"https:\/\/accres.eu\/juridicheskie-uslugi\/#breadcrumb\",\"itemListElement\":[{\"@type\":\"ListItem\",\"position\":1,\"name\":\"\u0413\u043b\u0430\u0432\u043d\u0430\u044f \u0441\u0442\u0440\u0430\u043d\u0438\u0446\u0430\",\"item\":\"https:\/\/accres.eu\/\"},{\"@type\":\"ListItem\",\"position\":2,\"name\":\"\u042e\u0440\u0438\u0434\u0438\u0447\u0435\u0441\u043a\u0438\u0435 \u0443\u0441\u043b\u0443\u0433\u0438\"}]},{\"@type\":\"WebSite\",\"@id\":\"https:\/\/accres.eu\/en\/#website\",\"url\":\"https:\/\/accres.eu\/en\/\",\"name\":\"AccRes.eu\",\"description\":\"\u0411\u0443\u0445\u0433\u0430\u043b\u0442\u0435\u0440\u0441\u043a\u043e\u0435 \u043e\u0431\u0441\u043b\u0443\u0436\u0438\u0432\u0430\u043d\u0438\u0435, \u0440\u0435\u0433\u0438\u0441\u0442\u0440\u0430\u0446\u0438\u044f \u043a\u043e\u043c\u043f\u0430\u043d\u0438\u0439\",\"publisher\":{\"@id\":\"https:\/\/accres.eu\/en\/#organization\"},\"potentialAction\":[{\"@type\":\"SearchAction\",\"target\":{\"@type\":\"EntryPoint\",\"urlTemplate\":\"https:\/\/accres.eu\/en\/?s={search_term_string}\"},\"query-input\":{\"@type\":\"PropertyValueSpecification\",\"valueRequired\":true,\"valueName\":\"search_term_string\"}}],\"inLanguage\":\"et\"},{\"@type\":\"Organization\",\"@id\":\"https:\/\/accres.eu\/en\/#organization\",\"name\":\"Accounting Resources\",\"url\":\"https:\/\/accres.eu\/en\/\",\"logo\":{\"@type\":\"ImageObject\",\"inLanguage\":\"et\",\"@id\":\"https:\/\/accres.eu\/en\/#\/schema\/logo\/image\/\",\"url\":\"https:\/\/accres.eu\/wp-content\/uploads\/2020\/08\/AR-logo-500-trans-for-light-bkg.png\",\"contentUrl\":\"https:\/\/accres.eu\/wp-content\/uploads\/2020\/08\/AR-logo-500-trans-for-light-bkg.png\",\"width\":501,\"height\":225,\"caption\":\"Accounting Resources\"},\"image\":{\"@id\":\"https:\/\/accres.eu\/en\/#\/schema\/logo\/image\/\"},\"sameAs\":[\"https:\/\/www.facebook.com\/accreseu\"]}]}<\/script>\n<!-- \/ Yoast SEO plugin. -->","yoast_head_json":{"title":"\u00d5igusteenused - Raamatupidamisressursid","robots":{"index":"index","follow":"follow","max-snippet":"max-snippet:-1","max-image-preview":"max-image-preview:large","max-video-preview":"max-video-preview:-1"},"canonical":"https:\/\/accres.eu\/et\/juriidilised-teenused\/","og_locale":"et_EE","og_type":"article","og_title":"\u042e\u0440\u0438\u0434\u0438\u0447\u0435\u0441\u043a\u0438\u0435 \u0443\u0441\u043b\u0443\u0433\u0438 - Accounting Resources","og_description":"\u042e\u0440\u0438\u0434\u0438\u0447\u0435\u0441\u043a\u0438\u0435 \u0443\u0441\u043b\u0443\u0433\u0438 \u0418\u0437\u043c\u0435\u043d\u0435\u043d\u0438\u044f \u0432 \u0431\u0438\u0437\u043d\u0435\u0441-\u0440\u0435\u0433\u0438\u0441\u0442\u0440\u0435 \u041b\u044e\u0431\u044b\u0435 \u0438\u0437\u043c\u0435\u043d\u0435\u043d\u0438\u044f \u0432 \u043a\u043e\u043c\u043f\u0430\u043d\u0438\u0438 \u0442\u0430\u043a\u0438\u0435 \u043a\u0430\u043a \u043d\u0430\u0437\u043d\u0430\u0447\u0435\u043d\u0438\u0435 \u0438 \u043e\u0442\u0437\u044b\u0432 \u0447\u043b\u0435\u043d\u043e\u0432 \u043f\u0440\u0430\u0432\u043b\u0435\u043d\u0438\u044f, \u0443\u0432\u0435\u043b\u0438\u0447\u0435\u043d\u0438\u0435\/\u0443\u043c\u0435\u043d\u044c\u0448\u0435\u043d\u0438\u0435 \u0443\u0441\u0442\u0430\u0432\u043d\u043e\u0433\u043e \u043a\u0430\u043f\u0438\u0442\u0430\u043b\u0430, \u0438\u0437\u043c\u0435\u043d\u0435\u043d\u0438\u0435 \u043d\u0430\u0437\u0432\u0430\u043d\u0438\u044f, \u0430\u0434\u0440\u0435\u0441\u0430, \u0443\u0441\u0442\u0430\u0432\u0430, \u043a\u043e\u043d\u0442\u0430\u043a\u0442\u043d\u044b\u0445 \u0434\u0430\u043d\u043d\u044b\u0445 \u0438 \u0442. \u0434. \u041b\u0438\u043a\u0432\u0438\u0434\u0430\u0446\u0438\u044f \u043a\u043e\u043c\u043f\u0430\u043d\u0438\u0439 \u041d\u0430\u0437\u043d\u0430\u0447\u0435\u043d\u0438\u0435 \u043b\u0438\u043a\u0432\u0438\u0434\u0430\u0442\u043e\u0440\u0430, \u043e\u043f\u043e\u0432\u0435\u0449\u0435\u043d\u0438\u0435 \u043e\u0431\u0449\u0435\u0441\u0442\u0432\u0435\u043d\u043d\u043e\u0441\u0442\u0438 \u043e \u043b\u0438\u043a\u0432\u0438\u0434\u0430\u0446\u0438\u0438 \u044e\u0440\u0438\u0434\u0438\u0447\u0435\u0441\u043a\u043e\u0433\u043e \u043b\u0438\u0446\u0430, \u043f\u043e\u0434\u0433\u043e\u0442\u043e\u0432\u043a\u0430 \u043b\u0438\u043a\u0432\u0438\u0434\u0430\u0446\u0438\u043e\u043d\u043d\u044b\u0445 \u043e\u0442\u0447\u0451\u0442\u043e\u0432, \u0443\u0434\u0430\u043b\u0435\u043d\u0438\u0435 \u0438\u0437 \u0440\u0435\u0433\u0438\u0441\u0442\u0440\u0430. \u041e\u0444\u043e\u0440\u043c\u043b\u0435\u043d\u0438\u0435 \u0434\u043e\u0433\u043e\u0432\u043e\u0440\u043e\u0432 \u041e\u0444\u043e\u0440\u043c\u043b\u0435\u043d\u0438\u0435 \u0442\u0440\u0443\u0434\u043e\u0432\u044b\u0445 \u0434\u043e\u0433\u043e\u0432\u043e\u0440\u043e\u0432 \u0438 \u0434\u043e\u0433\u043e\u0432\u043e\u0440\u043e\u0432 \u043e \u043f\u043e\u0441\u0442\u0430\u0432\u043a\u0435 \u0442\u043e\u0432\u0430\u0440\u0430\/\u043e\u043a\u0430\u0437\u0430\u043d\u0438\u0438 \u0443\u0441\u043b\u0443\u0433. [&hellip;]","og_url":"https:\/\/accres.eu\/et\/juriidilised-teenused\/","og_site_name":"Accounting Resources","article_publisher":"https:\/\/www.facebook.com\/accreseu","article_modified_time":"2025-10-15T19:45:38+00:00","og_image":[{"width":1114,"height":908,"url":"https:\/\/accres.eu\/wp-content\/uploads\/2019\/05\/undraw_hiring_cyhs.png","type":"image\/png"}],"twitter_card":"summary_large_image","twitter_misc":{"Est. reading time":"1 minut"},"schema":{"@context":"https:\/\/schema.org","@graph":[{"@type":"WebPage","@id":"https:\/\/accres.eu\/juridicheskie-uslugi\/","url":"https:\/\/accres.eu\/juridicheskie-uslugi\/","name":"\u00d5igusteenused - Raamatupidamisressursid","isPartOf":{"@id":"https:\/\/accres.eu\/en\/#website"},"primaryImageOfPage":{"@id":"https:\/\/accres.eu\/juridicheskie-uslugi\/#primaryimage"},"image":{"@id":"https:\/\/accres.eu\/juridicheskie-uslugi\/#primaryimage"},"thumbnailUrl":"https:\/\/accres.eu\/wp-content\/uploads\/2019\/05\/undraw_hiring_cyhs-1024x835.png","datePublished":"2020-08-26T20:26:16+00:00","dateModified":"2025-10-15T19:45:38+00:00","breadcrumb":{"@id":"https:\/\/accres.eu\/juridicheskie-uslugi\/#breadcrumb"},"inLanguage":"et","potentialAction":[{"@type":"ReadAction","target":["https:\/\/accres.eu\/juridicheskie-uslugi\/"]}]},{"@type":"ImageObject","inLanguage":"et","@id":"https:\/\/accres.eu\/juridicheskie-uslugi\/#primaryimage","url":"https:\/\/accres.eu\/wp-content\/uploads\/2019\/05\/undraw_hiring_cyhs-1024x835.png","contentUrl":"https:\/\/accres.eu\/wp-content\/uploads\/2019\/05\/undraw_hiring_cyhs-1024x835.png"},{"@type":"BreadcrumbList","@id":"https:\/\/accres.eu\/juridicheskie-uslugi\/#breadcrumb","itemListElement":[{"@type":"ListItem","position":1,"name":"\u0413\u043b\u0430\u0432\u043d\u0430\u044f \u0441\u0442\u0440\u0430\u043d\u0438\u0446\u0430","item":"https:\/\/accres.eu\/"},{"@type":"ListItem","position":2,"name":"\u042e\u0440\u0438\u0434\u0438\u0447\u0435\u0441\u043a\u0438\u0435 \u0443\u0441\u043b\u0443\u0433\u0438"}]},{"@type":"WebSite","@id":"https:\/\/accres.eu\/en\/#website","url":"https:\/\/accres.eu\/en\/","name":"AccRes.eu","description":"Raamatupidamisteenused, ettev\u00f5tete registreerimine","publisher":{"@id":"https:\/\/accres.eu\/en\/#organization"},"potentialAction":[{"@type":"SearchAction","target":{"@type":"EntryPoint","urlTemplate":"https:\/\/accres.eu\/en\/?s={search_term_string}"},"query-input":{"@type":"PropertyValueSpecification","valueRequired":true,"valueName":"search_term_string"}}],"inLanguage":"et"},{"@type":"Organization","@id":"https:\/\/accres.eu\/en\/#organization","name":"Accounting Resources","url":"https:\/\/accres.eu\/en\/","logo":{"@type":"ImageObject","inLanguage":"et","@id":"https:\/\/accres.eu\/en\/#\/schema\/logo\/image\/","url":"https:\/\/accres.eu\/wp-content\/uploads\/2020\/08\/AR-logo-500-trans-for-light-bkg.png","contentUrl":"https:\/\/accres.eu\/wp-content\/uploads\/2020\/08\/AR-logo-500-trans-for-light-bkg.png","width":501,"height":225,"caption":"Accounting Resources"},"image":{"@id":"https:\/\/accres.eu\/en\/#\/schema\/logo\/image\/"},"sameAs":["https:\/\/www.facebook.com\/accreseu"]}]}},"_links":{"self":[{"href":"https:\/\/accres.eu\/et\/wp-json\/wp\/v2\/pages\/1058","targetHints":{"allow":["GET"]}}],"collection":[{"href":"https:\/\/accres.eu\/et\/wp-json\/wp\/v2\/pages"}],"about":[{"href":"https:\/\/accres.eu\/et\/wp-json\/wp\/v2\/types\/page"}],"author":[{"embeddable":true,"href":"https:\/\/accres.eu\/et\/wp-json\/wp\/v2\/users\/1"}],"replies":[{"embeddable":true,"href":"https:\/\/accres.eu\/et\/wp-json\/wp\/v2\/comments?post=1058"}],"version-history":[{"count":9,"href":"https:\/\/accres.eu\/et\/wp-json\/wp\/v2\/pages\/1058\/revisions"}],"predecessor-version":[{"id":5916,"href":"https:\/\/accres.eu\/et\/wp-json\/wp\/v2\/pages\/1058\/revisions\/5916"}],"wp:attachment":[{"href":"https:\/\/accres.eu\/et\/wp-json\/wp\/v2\/media?parent=1058"}],"curies":[{"name":"wp","href":"https:\/\/api.w.org\/{rel}","templated":true}]}}