{"id":1064,"date":"2020-08-26T20:28:17","date_gmt":"2020-08-26T20:28:17","guid":{"rendered":"https:\/\/accres.eu\/accres_html\/?page_id=1064"},"modified":"2025-10-23T07:12:43","modified_gmt":"2025-10-23T07:12:43","slug":"kontaktisik","status":"publish","type":"page","link":"https:\/\/accres.eu\/et\/kontaktnoe-lico\/","title":{"rendered":"Kontaktisiku teenus"},"content":{"rendered":"<div data-elementor-type=\"wp-page\" data-elementor-id=\"1064\" class=\"elementor elementor-1064\" data-elementor-post-type=\"page\">\n\t\t\t\t\t\t<section class=\"elementor-section elementor-top-section elementor-element elementor-element-6dcc252 elementor-section-boxed elementor-section-height-default elementor-section-height-default\" data-id=\"6dcc252\" data-element_type=\"section\" data-e-type=\"section\" data-settings=\"{&quot;background_background&quot;:&quot;classic&quot;}\">\n\t\t\t\t\t\t<div class=\"elementor-container elementor-column-gap-default\">\n\t\t\t\t\t<div class=\"elementor-column elementor-col-100 elementor-top-column elementor-element elementor-element-28ae2ab\" data-id=\"28ae2ab\" data-element_type=\"column\" data-e-type=\"column\">\n\t\t\t<div class=\"elementor-widget-wrap elementor-element-populated\">\n\t\t\t\t\t\t<div class=\"elementor-element elementor-element-e98dbf5 elementor-widget elementor-widget-heading\" data-id=\"e98dbf5\" data-element_type=\"widget\" data-e-type=\"widget\" data-widget_type=\"heading.default\">\n\t\t\t\t\t<h2 class=\"elementor-heading-title elementor-size-default\">Kontaktisik<\/h2>\t\t\t\t<\/div>\n\t\t\t\t\t<\/div>\n\t\t<\/div>\n\t\t\t\t\t<\/div>\n\t\t<\/section>\n\t\t\t\t<section class=\"elementor-section elementor-top-section elementor-element elementor-element-623ce8d elementor-section-boxed elementor-section-height-default elementor-section-height-default\" data-id=\"623ce8d\" data-element_type=\"section\" data-e-type=\"section\">\n\t\t\t\t\t\t<div class=\"elementor-container elementor-column-gap-default\">\n\t\t\t\t\t<div class=\"elementor-column elementor-col-50 elementor-top-column elementor-element elementor-element-faf2330\" data-id=\"faf2330\" data-element_type=\"column\" data-e-type=\"column\">\n\t\t\t<div class=\"elementor-widget-wrap elementor-element-populated\">\n\t\t\t\t\t\t<div class=\"elementor-element elementor-element-98fb608 elementor-widget elementor-widget-text-editor\" data-id=\"98fb608\" data-element_type=\"widget\" data-e-type=\"widget\" data-widget_type=\"text-editor.default\">\n\t\t\t\t\t\t\t\t\t<p>Seoses 15.01.2018 j\u00f5ustunud uute \u00e4riseadustiku muudatustega on iga \u00e4ri\u00fching, mille juhatus asub v\u00e4ljaspool Eestit, kohustatud m\u00e4\u00e4rama kontaktisiku, kellele on v\u00f5imalik toimetada \u00e4ri\u00fchingule m\u00f5eldud menetlusdokumente ning testamente ja korraldusi.<\/p><p>Vastavalt \u00e4riseadustikule v\u00f5ib kontaktisikuna tegutseda ainult notar, notari b\u00fcroo, vandeadvokaat, advokaadib\u00fcroo, vandeaudiitor, audiitor\u00fching, mitteresidendi maksuesindaja maksukorralduse seaduse t\u00e4henduses v\u00f5i usaldus- ja \u00e4ri\u00fchingute teenusepakkuja, kes on m\u00e4\u00e4ratletud rahapesu ja terrorismi rahastamise t\u00f5kestamise seaduse \u00a78 alusel.<\/p><p>Kui seda \u00e4riseadustiku n\u00f5uet ei t\u00e4ideta, m\u00e4\u00e4rab \u00e4riregister ettev\u00f5ttele t\u00e4htaja n\u00f5ude t\u00e4itmiseks, mis ei tohi olla l\u00fchem kui \u00fcks kuu ega pikem kui kolm kuud. Kui selle aja jooksul kontaktisikut ei m\u00e4\u00e4rata, kustutatakse ettev\u00f5te registrist.<\/p><p><strong>NB! Kontaktisiku teenust osutatakse ainult raamatupidamistariifiga seotud klientidele.<\/strong><\/p>\t\t\t\t\t\t\t\t<\/div>\n\t\t\t\t\t<\/div>\n\t\t<\/div>\n\t\t\t\t<div class=\"elementor-column elementor-col-50 elementor-top-column elementor-element elementor-element-21360f8\" data-id=\"21360f8\" data-element_type=\"column\" data-e-type=\"column\">\n\t\t\t<div class=\"elementor-widget-wrap elementor-element-populated\">\n\t\t\t\t\t\t<div class=\"elementor-element elementor-element-7a050d8 elementor-widget elementor-widget-image\" data-id=\"7a050d8\" data-element_type=\"widget\" data-e-type=\"widget\" data-widget_type=\"image.default\">\n\t\t\t\t\t\t\t\t\t\t\t\t\t\t\t<img fetchpriority=\"high\" decoding=\"async\" width=\"1024\" height=\"711\" src=\"https:\/\/accres.eu\/wp-content\/uploads\/2019\/05\/undraw_interview_rmcf-1024x711.png\" class=\"attachment-large size-large wp-image-822\" alt=\"\" srcset=\"https:\/\/accres.eu\/wp-content\/uploads\/2019\/05\/undraw_interview_rmcf-1024x711.png 1024w, https:\/\/accres.eu\/wp-content\/uploads\/2019\/05\/undraw_interview_rmcf-300x208.png 300w, https:\/\/accres.eu\/wp-content\/uploads\/2019\/05\/undraw_interview_rmcf-768x533.png 768w, https:\/\/accres.eu\/wp-content\/uploads\/2019\/05\/undraw_interview_rmcf-600x416.png 600w, https:\/\/accres.eu\/wp-content\/uploads\/2019\/05\/undraw_interview_rmcf.png 1324w\" sizes=\"(max-width: 1024px) 100vw, 1024px\" \/>\t\t\t\t\t\t\t\t\t\t\t\t\t\t\t<\/div>\n\t\t\t\t\t<\/div>\n\t\t<\/div>\n\t\t\t\t\t<\/div>\n\t\t<\/section>\n\t\t\t\t<section class=\"elementor-section elementor-top-section elementor-element elementor-element-dc6e387 elementor-section-boxed elementor-section-height-default elementor-section-height-default\" data-id=\"dc6e387\" data-element_type=\"section\" data-e-type=\"section\">\n\t\t\t\t\t\t<div class=\"elementor-container elementor-column-gap-default\">\n\t\t\t\t\t<div class=\"elementor-column elementor-col-100 elementor-top-column elementor-element elementor-element-ebe456c\" data-id=\"ebe456c\" data-element_type=\"column\" data-e-type=\"column\">\n\t\t\t<div class=\"elementor-widget-wrap elementor-element-populated\">\n\t\t\t\t\t\t<div class=\"elementor-element elementor-element-5474cdd elementor-widget elementor-widget-spacer\" data-id=\"5474cdd\" data-element_type=\"widget\" data-e-type=\"widget\" data-widget_type=\"spacer.default\">\n\t\t\t\t\t\t\t<div class=\"elementor-spacer\">\n\t\t\t<div class=\"elementor-spacer-inner\"><\/div>\n\t\t<\/div>\n\t\t\t\t\t\t<\/div>\n\t\t\t\t\t<\/div>\n\t\t<\/div>\n\t\t\t\t\t<\/div>\n\t\t<\/section>\n\t\t\t\t<section class=\"elementor-section elementor-top-section elementor-element elementor-element-2f70760 elementor-section-boxed elementor-section-height-default elementor-section-height-default\" data-id=\"2f70760\" data-element_type=\"section\" data-e-type=\"section\" data-settings=\"{&quot;background_background&quot;:&quot;classic&quot;}\">\n\t\t\t\t\t\t<div class=\"elementor-container elementor-column-gap-default\">\n\t\t\t\t\t<div class=\"elementor-column elementor-col-100 elementor-top-column elementor-element elementor-element-54a7bc9\" data-id=\"54a7bc9\" data-element_type=\"column\" data-e-type=\"column\">\n\t\t\t<div class=\"elementor-widget-wrap elementor-element-populated\">\n\t\t\t\t\t\t<div class=\"elementor-element elementor-element-bb843d2 elementor-widget elementor-widget-heading\" data-id=\"bb843d2\" data-element_type=\"widget\" data-e-type=\"widget\" data-widget_type=\"heading.default\">\n\t\t\t\t\t<h2 class=\"elementor-heading-title elementor-size-default\">Kas soovite teada, kui palju maksab kontaktisiku teenus?<\/h2>\t\t\t\t<\/div>\n\t\t\t\t<div class=\"elementor-element elementor-element-ade757e elementor-align-center elementor-widget elementor-widget-button\" data-id=\"ade757e\" data-element_type=\"widget\" data-e-type=\"widget\" data-widget_type=\"button.default\">\n\t\t\t\t\t\t\t\t\t\t<a class=\"elementor-button elementor-button-link elementor-size-sm\" href=\"https:\/\/accres.eu\/et\/pricing\/\">\n\t\t\t\t\t\t<span class=\"elementor-button-content-wrapper\">\n\t\t\t\t\t\t\t\t\t<span class=\"elementor-button-text\">Mine hindade juurde<\/span>\n\t\t\t\t\t<\/span>\n\t\t\t\t\t<\/a>\n\t\t\t\t\t\t\t\t<\/div>\n\t\t\t\t\t<\/div>\n\t\t<\/div>\n\t\t\t\t\t<\/div>\n\t\t<\/section>\n\t\t\t\t<\/div>","protected":false},"excerpt":{"rendered":"<p>\u041a\u043e\u043d\u0442\u0430\u043a\u0442\u043d\u043e\u0435 \u043b\u0438\u0446\u043e \u0412 \u0441\u0432\u044f\u0437\u0438 \u0441 \u043d\u043e\u0432\u044b\u043c\u0438 \u043f\u043e\u043f\u0440\u0430\u0432\u043a\u0430\u043c\u0438 \u043a \u041a\u043e\u043c\u043c\u0435\u0440\u0447\u0435\u0441\u043a\u043e\u043c\u0443 \u043a\u043e\u0434\u0435\u043a\u0441\u0443 \u042d\u0441\u0442\u043e\u043d\u0438\u0438, \u043a\u043e\u0442\u043e\u0440\u044b\u0435 \u0432\u0441\u0442\u0443\u043f\u0438\u043b\u0438 \u0432 \u0441\u0438\u043b\u0443 15.01.2018, \u043b\u044e\u0431\u0430\u044f \u0444\u0438\u0440\u043c\u0430, \u043f\u0440\u0430\u0432\u043b\u0435\u043d\u0438\u0435 \u043a\u043e\u0442\u043e\u0440\u043e\u0439 \u043d\u0430\u0445\u043e\u0434\u0438\u0442\u0441\u044f \u0432\u043d\u0435 \u042d\u0441\u0442\u043e\u043d\u0438\u0438, \u043e\u0431\u044f\u0437\u0430\u043d\u0430 \u043d\u0430\u0437\u043d\u0430\u0447\u0438\u0442\u044c \u043a\u043e\u043d\u0442\u0430\u043a\u0442\u043d\u043e\u0435 \u043b\u0438\u0446\u043e, \u043a\u043e\u0442\u043e\u0440\u043e\u043c\u0443 \u0431\u0443\u0434\u0435\u0442 \u0432\u043e\u0437\u043c\u043e\u0436\u043d\u043e \u0434\u043e\u0441\u0442\u0430\u0432\u043b\u044f\u0442\u044c \u043f\u0440\u043e\u0446\u0435\u0441\u0441\u0443\u0430\u043b\u044c\u043d\u0443\u044e \u0434\u043e\u043a\u0443\u043c\u0435\u043d\u0442\u0430\u0446\u0438\u044e \u0438 \u043f\u0440\u0435\u0434\u043d\u0430\u0437\u043d\u0430\u0447\u0435\u043d\u043d\u044b\u0435 \u0434\u043b\u044f \u0444\u0438\u0440\u043c\u044b \u0432\u043e\u043b\u0435\u0438\u0437\u044a\u044f\u0432\u043b\u0435\u043d\u0438\u044f \u0438 \u043f\u0440\u0435\u0434\u043f\u0438\u0441\u0430\u043d\u0438\u044f. \u0421\u043e\u0433\u043b\u0430\u0441\u043d\u043e \u041a\u043e\u043c\u043c\u0435\u0440\u0447\u0435\u0441\u043a\u043e\u043c\u0443 \u043a\u043e\u0434\u0435\u043a\u0441\u0443 \u043a\u043e\u043d\u0442\u0430\u043a\u0442\u043d\u044b\u043c \u043b\u0438\u0446\u043e\u043c \u0432\u043e\u0437\u043c\u043e\u0436\u043d\u043e \u043d\u0430\u0437\u043d\u0430\u0447\u0438\u0442\u044c \u0442\u043e\u043b\u044c\u043a\u043e \u043d\u043e\u0442\u0430\u0440\u0438\u0443\u0441\u0430, \u043d\u043e\u0442\u0430\u0440\u0438\u0430\u043b\u044c\u043d\u043e\u0435 \u0431\u044e\u0440\u043e, \u0430\u0434\u0432\u043e\u043a\u0430\u0442\u0430, \u0430\u0434\u0432\u043e\u043a\u0430\u0442\u0441\u043a\u043e\u0435 \u0431\u044e\u0440\u043e, \u043f\u0440\u0438\u0441\u044f\u0436\u043d\u043e\u0433\u043e [&hellip;]<\/p>\n","protected":false},"author":1,"featured_media":0,"parent":0,"menu_order":0,"comment_status":"closed","ping_status":"closed","template":"page-templates\/fullwidth-content.php","meta":{"footnotes":""},"class_list":["post-1064","page","type-page","status-publish","hentry"],"yoast_head":"<!-- This site is optimized with the Yoast SEO plugin v27.0 - https:\/\/yoast.com\/product\/yoast-seo-wordpress\/ -->\n<title>\u0423\u0441\u043b\u0443\u0433\u0430 \u043a\u043e\u043d\u0442\u0430\u043a\u0442\u043d\u043e\u0433\u043e \u043b\u0438\u0446\u0430 - Accounting Resources<\/title>\n<meta name=\"robots\" content=\"index, follow, max-snippet:-1, max-image-preview:large, max-video-preview:-1\" \/>\n<link rel=\"canonical\" href=\"https:\/\/accres.eu\/et\/kontaktisik\/\" \/>\n<meta property=\"og:locale\" content=\"et_EE\" \/>\n<meta property=\"og:type\" content=\"article\" \/>\n<meta property=\"og:title\" content=\"\u0423\u0441\u043b\u0443\u0433\u0430 \u043a\u043e\u043d\u0442\u0430\u043a\u0442\u043d\u043e\u0433\u043e \u043b\u0438\u0446\u0430 - Accounting Resources\" \/>\n<meta property=\"og:description\" content=\"\u041a\u043e\u043d\u0442\u0430\u043a\u0442\u043d\u043e\u0435 \u043b\u0438\u0446\u043e \u0412 \u0441\u0432\u044f\u0437\u0438 \u0441 \u043d\u043e\u0432\u044b\u043c\u0438 \u043f\u043e\u043f\u0440\u0430\u0432\u043a\u0430\u043c\u0438 \u043a \u041a\u043e\u043c\u043c\u0435\u0440\u0447\u0435\u0441\u043a\u043e\u043c\u0443 \u043a\u043e\u0434\u0435\u043a\u0441\u0443 \u042d\u0441\u0442\u043e\u043d\u0438\u0438, \u043a\u043e\u0442\u043e\u0440\u044b\u0435 \u0432\u0441\u0442\u0443\u043f\u0438\u043b\u0438 \u0432 \u0441\u0438\u043b\u0443 15.01.2018, \u043b\u044e\u0431\u0430\u044f \u0444\u0438\u0440\u043c\u0430, \u043f\u0440\u0430\u0432\u043b\u0435\u043d\u0438\u0435 \u043a\u043e\u0442\u043e\u0440\u043e\u0439 \u043d\u0430\u0445\u043e\u0434\u0438\u0442\u0441\u044f \u0432\u043d\u0435 \u042d\u0441\u0442\u043e\u043d\u0438\u0438, \u043e\u0431\u044f\u0437\u0430\u043d\u0430 \u043d\u0430\u0437\u043d\u0430\u0447\u0438\u0442\u044c \u043a\u043e\u043d\u0442\u0430\u043a\u0442\u043d\u043e\u0435 \u043b\u0438\u0446\u043e, \u043a\u043e\u0442\u043e\u0440\u043e\u043c\u0443 \u0431\u0443\u0434\u0435\u0442 \u0432\u043e\u0437\u043c\u043e\u0436\u043d\u043e \u0434\u043e\u0441\u0442\u0430\u0432\u043b\u044f\u0442\u044c \u043f\u0440\u043e\u0446\u0435\u0441\u0441\u0443\u0430\u043b\u044c\u043d\u0443\u044e \u0434\u043e\u043a\u0443\u043c\u0435\u043d\u0442\u0430\u0446\u0438\u044e \u0438 \u043f\u0440\u0435\u0434\u043d\u0430\u0437\u043d\u0430\u0447\u0435\u043d\u043d\u044b\u0435 \u0434\u043b\u044f \u0444\u0438\u0440\u043c\u044b \u0432\u043e\u043b\u0435\u0438\u0437\u044a\u044f\u0432\u043b\u0435\u043d\u0438\u044f \u0438 \u043f\u0440\u0435\u0434\u043f\u0438\u0441\u0430\u043d\u0438\u044f. \u0421\u043e\u0433\u043b\u0430\u0441\u043d\u043e \u041a\u043e\u043c\u043c\u0435\u0440\u0447\u0435\u0441\u043a\u043e\u043c\u0443 \u043a\u043e\u0434\u0435\u043a\u0441\u0443 \u043a\u043e\u043d\u0442\u0430\u043a\u0442\u043d\u044b\u043c \u043b\u0438\u0446\u043e\u043c \u0432\u043e\u0437\u043c\u043e\u0436\u043d\u043e \u043d\u0430\u0437\u043d\u0430\u0447\u0438\u0442\u044c \u0442\u043e\u043b\u044c\u043a\u043e \u043d\u043e\u0442\u0430\u0440\u0438\u0443\u0441\u0430, \u043d\u043e\u0442\u0430\u0440\u0438\u0430\u043b\u044c\u043d\u043e\u0435 \u0431\u044e\u0440\u043e, \u0430\u0434\u0432\u043e\u043a\u0430\u0442\u0430, \u0430\u0434\u0432\u043e\u043a\u0430\u0442\u0441\u043a\u043e\u0435 \u0431\u044e\u0440\u043e, \u043f\u0440\u0438\u0441\u044f\u0436\u043d\u043e\u0433\u043e [&hellip;]\" \/>\n<meta property=\"og:url\" content=\"https:\/\/accres.eu\/et\/kontaktisik\/\" \/>\n<meta property=\"og:site_name\" content=\"Accounting Resources\" \/>\n<meta property=\"article:publisher\" content=\"https:\/\/www.facebook.com\/accreseu\" \/>\n<meta property=\"article:modified_time\" content=\"2025-10-23T07:12:43+00:00\" \/>\n<meta property=\"og:image\" content=\"https:\/\/accres.eu\/wp-content\/uploads\/2019\/05\/undraw_interview_rmcf.png\" \/>\n\t<meta property=\"og:image:width\" content=\"1324\" \/>\n\t<meta property=\"og:image:height\" content=\"919\" \/>\n\t<meta property=\"og:image:type\" content=\"image\/png\" \/>\n<meta name=\"twitter:card\" content=\"summary_large_image\" \/>\n<meta name=\"twitter:label1\" content=\"Est. reading time\" \/>\n\t<meta name=\"twitter:data1\" content=\"1 minut\" \/>\n<script type=\"application\/ld+json\" class=\"yoast-schema-graph\">{\"@context\":\"https:\/\/schema.org\",\"@graph\":[{\"@type\":\"WebPage\",\"@id\":\"https:\/\/accres.eu\/kontaktnoe-lico\/\",\"url\":\"https:\/\/accres.eu\/kontaktnoe-lico\/\",\"name\":\"\u0423\u0441\u043b\u0443\u0433\u0430 \u043a\u043e\u043d\u0442\u0430\u043a\u0442\u043d\u043e\u0433\u043e \u043b\u0438\u0446\u0430 - Accounting Resources\",\"isPartOf\":{\"@id\":\"https:\/\/accres.eu\/en\/#website\"},\"primaryImageOfPage\":{\"@id\":\"https:\/\/accres.eu\/kontaktnoe-lico\/#primaryimage\"},\"image\":{\"@id\":\"https:\/\/accres.eu\/kontaktnoe-lico\/#primaryimage\"},\"thumbnailUrl\":\"https:\/\/accres.eu\/wp-content\/uploads\/2019\/05\/undraw_interview_rmcf-1024x711.png\",\"datePublished\":\"2020-08-26T20:28:17+00:00\",\"dateModified\":\"2025-10-23T07:12:43+00:00\",\"breadcrumb\":{\"@id\":\"https:\/\/accres.eu\/kontaktnoe-lico\/#breadcrumb\"},\"inLanguage\":\"et\",\"potentialAction\":[{\"@type\":\"ReadAction\",\"target\":[\"https:\/\/accres.eu\/kontaktnoe-lico\/\"]}]},{\"@type\":\"ImageObject\",\"inLanguage\":\"et\",\"@id\":\"https:\/\/accres.eu\/kontaktnoe-lico\/#primaryimage\",\"url\":\"https:\/\/accres.eu\/wp-content\/uploads\/2019\/05\/undraw_interview_rmcf-1024x711.png\",\"contentUrl\":\"https:\/\/accres.eu\/wp-content\/uploads\/2019\/05\/undraw_interview_rmcf-1024x711.png\"},{\"@type\":\"BreadcrumbList\",\"@id\":\"https:\/\/accres.eu\/kontaktnoe-lico\/#breadcrumb\",\"itemListElement\":[{\"@type\":\"ListItem\",\"position\":1,\"name\":\"\u0413\u043b\u0430\u0432\u043d\u0430\u044f \u0441\u0442\u0440\u0430\u043d\u0438\u0446\u0430\",\"item\":\"https:\/\/accres.eu\/\"},{\"@type\":\"ListItem\",\"position\":2,\"name\":\"\u0423\u0441\u043b\u0443\u0433\u0430 \u043a\u043e\u043d\u0442\u0430\u043a\u0442\u043d\u043e\u0433\u043e \u043b\u0438\u0446\u0430\"}]},{\"@type\":\"WebSite\",\"@id\":\"https:\/\/accres.eu\/en\/#website\",\"url\":\"https:\/\/accres.eu\/en\/\",\"name\":\"AccRes.eu\",\"description\":\"\u0411\u0443\u0445\u0433\u0430\u043b\u0442\u0435\u0440\u0441\u043a\u043e\u0435 \u043e\u0431\u0441\u043b\u0443\u0436\u0438\u0432\u0430\u043d\u0438\u0435, \u0440\u0435\u0433\u0438\u0441\u0442\u0440\u0430\u0446\u0438\u044f \u043a\u043e\u043c\u043f\u0430\u043d\u0438\u0439\",\"publisher\":{\"@id\":\"https:\/\/accres.eu\/en\/#organization\"},\"potentialAction\":[{\"@type\":\"SearchAction\",\"target\":{\"@type\":\"EntryPoint\",\"urlTemplate\":\"https:\/\/accres.eu\/en\/?s={search_term_string}\"},\"query-input\":{\"@type\":\"PropertyValueSpecification\",\"valueRequired\":true,\"valueName\":\"search_term_string\"}}],\"inLanguage\":\"et\"},{\"@type\":\"Organization\",\"@id\":\"https:\/\/accres.eu\/en\/#organization\",\"name\":\"Accounting Resources\",\"url\":\"https:\/\/accres.eu\/en\/\",\"logo\":{\"@type\":\"ImageObject\",\"inLanguage\":\"et\",\"@id\":\"https:\/\/accres.eu\/en\/#\/schema\/logo\/image\/\",\"url\":\"https:\/\/accres.eu\/wp-content\/uploads\/2020\/08\/AR-logo-500-trans-for-light-bkg.png\",\"contentUrl\":\"https:\/\/accres.eu\/wp-content\/uploads\/2020\/08\/AR-logo-500-trans-for-light-bkg.png\",\"width\":501,\"height\":225,\"caption\":\"Accounting Resources\"},\"image\":{\"@id\":\"https:\/\/accres.eu\/en\/#\/schema\/logo\/image\/\"},\"sameAs\":[\"https:\/\/www.facebook.com\/accreseu\"]}]}<\/script>\n<!-- \/ Yoast SEO plugin. -->","yoast_head_json":{"title":"Kontaktisikuteenindus - Raamatupidamisressursid","robots":{"index":"index","follow":"follow","max-snippet":"max-snippet:-1","max-image-preview":"max-image-preview:large","max-video-preview":"max-video-preview:-1"},"canonical":"https:\/\/accres.eu\/et\/kontaktisik\/","og_locale":"et_EE","og_type":"article","og_title":"\u0423\u0441\u043b\u0443\u0433\u0430 \u043a\u043e\u043d\u0442\u0430\u043a\u0442\u043d\u043e\u0433\u043e \u043b\u0438\u0446\u0430 - Accounting Resources","og_description":"\u041a\u043e\u043d\u0442\u0430\u043a\u0442\u043d\u043e\u0435 \u043b\u0438\u0446\u043e \u0412 \u0441\u0432\u044f\u0437\u0438 \u0441 \u043d\u043e\u0432\u044b\u043c\u0438 \u043f\u043e\u043f\u0440\u0430\u0432\u043a\u0430\u043c\u0438 \u043a \u041a\u043e\u043c\u043c\u0435\u0440\u0447\u0435\u0441\u043a\u043e\u043c\u0443 \u043a\u043e\u0434\u0435\u043a\u0441\u0443 \u042d\u0441\u0442\u043e\u043d\u0438\u0438, \u043a\u043e\u0442\u043e\u0440\u044b\u0435 \u0432\u0441\u0442\u0443\u043f\u0438\u043b\u0438 \u0432 \u0441\u0438\u043b\u0443 15.01.2018, \u043b\u044e\u0431\u0430\u044f \u0444\u0438\u0440\u043c\u0430, \u043f\u0440\u0430\u0432\u043b\u0435\u043d\u0438\u0435 \u043a\u043e\u0442\u043e\u0440\u043e\u0439 \u043d\u0430\u0445\u043e\u0434\u0438\u0442\u0441\u044f \u0432\u043d\u0435 \u042d\u0441\u0442\u043e\u043d\u0438\u0438, \u043e\u0431\u044f\u0437\u0430\u043d\u0430 \u043d\u0430\u0437\u043d\u0430\u0447\u0438\u0442\u044c \u043a\u043e\u043d\u0442\u0430\u043a\u0442\u043d\u043e\u0435 \u043b\u0438\u0446\u043e, \u043a\u043e\u0442\u043e\u0440\u043e\u043c\u0443 \u0431\u0443\u0434\u0435\u0442 \u0432\u043e\u0437\u043c\u043e\u0436\u043d\u043e \u0434\u043e\u0441\u0442\u0430\u0432\u043b\u044f\u0442\u044c \u043f\u0440\u043e\u0446\u0435\u0441\u0441\u0443\u0430\u043b\u044c\u043d\u0443\u044e \u0434\u043e\u043a\u0443\u043c\u0435\u043d\u0442\u0430\u0446\u0438\u044e \u0438 \u043f\u0440\u0435\u0434\u043d\u0430\u0437\u043d\u0430\u0447\u0435\u043d\u043d\u044b\u0435 \u0434\u043b\u044f \u0444\u0438\u0440\u043c\u044b \u0432\u043e\u043b\u0435\u0438\u0437\u044a\u044f\u0432\u043b\u0435\u043d\u0438\u044f \u0438 \u043f\u0440\u0435\u0434\u043f\u0438\u0441\u0430\u043d\u0438\u044f. \u0421\u043e\u0433\u043b\u0430\u0441\u043d\u043e \u041a\u043e\u043c\u043c\u0435\u0440\u0447\u0435\u0441\u043a\u043e\u043c\u0443 \u043a\u043e\u0434\u0435\u043a\u0441\u0443 \u043a\u043e\u043d\u0442\u0430\u043a\u0442\u043d\u044b\u043c \u043b\u0438\u0446\u043e\u043c \u0432\u043e\u0437\u043c\u043e\u0436\u043d\u043e \u043d\u0430\u0437\u043d\u0430\u0447\u0438\u0442\u044c \u0442\u043e\u043b\u044c\u043a\u043e \u043d\u043e\u0442\u0430\u0440\u0438\u0443\u0441\u0430, \u043d\u043e\u0442\u0430\u0440\u0438\u0430\u043b\u044c\u043d\u043e\u0435 \u0431\u044e\u0440\u043e, \u0430\u0434\u0432\u043e\u043a\u0430\u0442\u0430, \u0430\u0434\u0432\u043e\u043a\u0430\u0442\u0441\u043a\u043e\u0435 \u0431\u044e\u0440\u043e, \u043f\u0440\u0438\u0441\u044f\u0436\u043d\u043e\u0433\u043e [&hellip;]","og_url":"https:\/\/accres.eu\/et\/kontaktisik\/","og_site_name":"Accounting Resources","article_publisher":"https:\/\/www.facebook.com\/accreseu","article_modified_time":"2025-10-23T07:12:43+00:00","og_image":[{"width":1324,"height":919,"url":"https:\/\/accres.eu\/wp-content\/uploads\/2019\/05\/undraw_interview_rmcf.png","type":"image\/png"}],"twitter_card":"summary_large_image","twitter_misc":{"Est. reading time":"1 minut"},"schema":{"@context":"https:\/\/schema.org","@graph":[{"@type":"WebPage","@id":"https:\/\/accres.eu\/kontaktnoe-lico\/","url":"https:\/\/accres.eu\/kontaktnoe-lico\/","name":"Kontaktisikuteenindus - Raamatupidamisressursid","isPartOf":{"@id":"https:\/\/accres.eu\/en\/#website"},"primaryImageOfPage":{"@id":"https:\/\/accres.eu\/kontaktnoe-lico\/#primaryimage"},"image":{"@id":"https:\/\/accres.eu\/kontaktnoe-lico\/#primaryimage"},"thumbnailUrl":"https:\/\/accres.eu\/wp-content\/uploads\/2019\/05\/undraw_interview_rmcf-1024x711.png","datePublished":"2020-08-26T20:28:17+00:00","dateModified":"2025-10-23T07:12:43+00:00","breadcrumb":{"@id":"https:\/\/accres.eu\/kontaktnoe-lico\/#breadcrumb"},"inLanguage":"et","potentialAction":[{"@type":"ReadAction","target":["https:\/\/accres.eu\/kontaktnoe-lico\/"]}]},{"@type":"ImageObject","inLanguage":"et","@id":"https:\/\/accres.eu\/kontaktnoe-lico\/#primaryimage","url":"https:\/\/accres.eu\/wp-content\/uploads\/2019\/05\/undraw_interview_rmcf-1024x711.png","contentUrl":"https:\/\/accres.eu\/wp-content\/uploads\/2019\/05\/undraw_interview_rmcf-1024x711.png"},{"@type":"BreadcrumbList","@id":"https:\/\/accres.eu\/kontaktnoe-lico\/#breadcrumb","itemListElement":[{"@type":"ListItem","position":1,"name":"\u0413\u043b\u0430\u0432\u043d\u0430\u044f \u0441\u0442\u0440\u0430\u043d\u0438\u0446\u0430","item":"https:\/\/accres.eu\/"},{"@type":"ListItem","position":2,"name":"\u0423\u0441\u043b\u0443\u0433\u0430 \u043a\u043e\u043d\u0442\u0430\u043a\u0442\u043d\u043e\u0433\u043e \u043b\u0438\u0446\u0430"}]},{"@type":"WebSite","@id":"https:\/\/accres.eu\/en\/#website","url":"https:\/\/accres.eu\/en\/","name":"AccRes.eu","description":"Raamatupidamisteenused, ettev\u00f5tete registreerimine","publisher":{"@id":"https:\/\/accres.eu\/en\/#organization"},"potentialAction":[{"@type":"SearchAction","target":{"@type":"EntryPoint","urlTemplate":"https:\/\/accres.eu\/en\/?s={search_term_string}"},"query-input":{"@type":"PropertyValueSpecification","valueRequired":true,"valueName":"search_term_string"}}],"inLanguage":"et"},{"@type":"Organization","@id":"https:\/\/accres.eu\/en\/#organization","name":"Accounting Resources","url":"https:\/\/accres.eu\/en\/","logo":{"@type":"ImageObject","inLanguage":"et","@id":"https:\/\/accres.eu\/en\/#\/schema\/logo\/image\/","url":"https:\/\/accres.eu\/wp-content\/uploads\/2020\/08\/AR-logo-500-trans-for-light-bkg.png","contentUrl":"https:\/\/accres.eu\/wp-content\/uploads\/2020\/08\/AR-logo-500-trans-for-light-bkg.png","width":501,"height":225,"caption":"Accounting Resources"},"image":{"@id":"https:\/\/accres.eu\/en\/#\/schema\/logo\/image\/"},"sameAs":["https:\/\/www.facebook.com\/accreseu"]}]}},"_links":{"self":[{"href":"https:\/\/accres.eu\/et\/wp-json\/wp\/v2\/pages\/1064","targetHints":{"allow":["GET"]}}],"collection":[{"href":"https:\/\/accres.eu\/et\/wp-json\/wp\/v2\/pages"}],"about":[{"href":"https:\/\/accres.eu\/et\/wp-json\/wp\/v2\/types\/page"}],"author":[{"embeddable":true,"href":"https:\/\/accres.eu\/et\/wp-json\/wp\/v2\/users\/1"}],"replies":[{"embeddable":true,"href":"https:\/\/accres.eu\/et\/wp-json\/wp\/v2\/comments?post=1064"}],"version-history":[{"count":15,"href":"https:\/\/accres.eu\/et\/wp-json\/wp\/v2\/pages\/1064\/revisions"}],"predecessor-version":[{"id":6157,"href":"https:\/\/accres.eu\/et\/wp-json\/wp\/v2\/pages\/1064\/revisions\/6157"}],"wp:attachment":[{"href":"https:\/\/accres.eu\/et\/wp-json\/wp\/v2\/media?parent=1064"}],"curies":[{"name":"wp","href":"https:\/\/api.w.org\/{rel}","templated":true}]}}