{"id":1068,"date":"2020-08-26T20:29:48","date_gmt":"2020-08-26T20:29:48","guid":{"rendered":"https:\/\/accres.eu\/accres_html\/?page_id=1068"},"modified":"2025-10-23T07:16:07","modified_gmt":"2025-10-23T07:16:07","slug":"juriidiline-aadress","status":"publish","type":"page","link":"https:\/\/accres.eu\/et\/juridicheskii-adres\/","title":{"rendered":"Virtuaalne kontor"},"content":{"rendered":"<div data-elementor-type=\"wp-page\" data-elementor-id=\"1068\" class=\"elementor elementor-1068\" data-elementor-post-type=\"page\">\n\t\t\t\t\t\t<section class=\"elementor-section elementor-top-section elementor-element elementor-element-6603024 elementor-section-boxed elementor-section-height-default elementor-section-height-default\" data-id=\"6603024\" data-element_type=\"section\" data-e-type=\"section\" data-settings=\"{&quot;background_background&quot;:&quot;classic&quot;}\">\n\t\t\t\t\t\t<div class=\"elementor-container elementor-column-gap-default\">\n\t\t\t\t\t<div class=\"elementor-column elementor-col-100 elementor-top-column elementor-element elementor-element-7b72fb4\" data-id=\"7b72fb4\" data-element_type=\"column\" data-e-type=\"column\">\n\t\t\t<div class=\"elementor-widget-wrap elementor-element-populated\">\n\t\t\t\t\t\t<div class=\"elementor-element elementor-element-8a99ad2 elementor-widget elementor-widget-heading\" data-id=\"8a99ad2\" data-element_type=\"widget\" data-e-type=\"widget\" data-widget_type=\"heading.default\">\n\t\t\t\t\t<h2 class=\"elementor-heading-title elementor-size-default\">Virtuaalne kontor<\/h2>\t\t\t\t<\/div>\n\t\t\t\t\t<\/div>\n\t\t<\/div>\n\t\t\t\t\t<\/div>\n\t\t<\/section>\n\t\t\t\t<section class=\"elementor-section elementor-top-section elementor-element elementor-element-4d5c141 elementor-section-boxed elementor-section-height-default elementor-section-height-default\" data-id=\"4d5c141\" data-element_type=\"section\" data-e-type=\"section\">\n\t\t\t\t\t\t<div class=\"elementor-container elementor-column-gap-default\">\n\t\t\t\t\t<div class=\"elementor-column elementor-col-50 elementor-top-column elementor-element elementor-element-a233f1d\" data-id=\"a233f1d\" data-element_type=\"column\" data-e-type=\"column\">\n\t\t\t<div class=\"elementor-widget-wrap elementor-element-populated\">\n\t\t\t\t\t\t<div class=\"elementor-element elementor-element-1aca1a4 elementor-widget elementor-widget-heading\" data-id=\"1aca1a4\" data-element_type=\"widget\" data-e-type=\"widget\" data-widget_type=\"heading.default\">\n\t\t\t\t\t<h3 class=\"elementor-heading-title elementor-size-default\">Juriidiline aadress<\/h3>\t\t\t\t<\/div>\n\t\t\t\t<div class=\"elementor-element elementor-element-42c2b87 elementor-widget elementor-widget-text-editor\" data-id=\"42c2b87\" data-element_type=\"widget\" data-e-type=\"widget\" data-widget_type=\"text-editor.default\">\n\t\t\t\t\t\t\t\t\t<p>Teie ettev\u00f5tte registrij\u00e4rgne aadress on meie aadress. Sellel aadressil asub \u00e4rikeskus, kus asuvad erinevate ettev\u00f5tete kontorid: alates veebipoodidest kuni suurte ehitusettev\u00f5teteni.<\/p>\t\t\t\t\t\t\t\t<\/div>\n\t\t\t\t<div class=\"elementor-element elementor-element-7ae8b8c elementor-widget elementor-widget-heading\" data-id=\"7ae8b8c\" data-element_type=\"widget\" data-e-type=\"widget\" data-widget_type=\"heading.default\">\n\t\t\t\t\t<h3 class=\"elementor-heading-title elementor-size-default\">Postkast<\/h3>\t\t\t\t<\/div>\n\t\t\t\t<div class=\"elementor-element elementor-element-e820c96 elementor-widget elementor-widget-text-editor\" data-id=\"e820c96\" data-element_type=\"widget\" data-e-type=\"widget\" data-widget_type=\"text-editor.default\">\n\t\t\t\t\t\t\t\t\t<p>K\u00f5ik meie raamatupidamisteenuste paketid sisaldavad lisaks juriidilisele aadressile ka postkasti teenust. Kogu teie ettev\u00f5tte aadressile saabuv posti o-digitiseeritakse ja saadetakse teile e-posti teel.<\/p>\t\t\t\t\t\t\t\t<\/div>\n\t\t\t\t<div class=\"elementor-element elementor-element-eaa93be elementor-widget elementor-widget-text-editor\" data-id=\"eaa93be\" data-element_type=\"widget\" data-e-type=\"widget\" data-widget_type=\"text-editor.default\">\n\t\t\t\t\t\t\t\t\t<p><strong>NB! Need teenused <\/strong><strong>on ette n\u00e4htud ainult raamatupidamistariifiga seotud klientidele.<\/strong><\/p>\t\t\t\t\t\t\t\t<\/div>\n\t\t\t\t\t<\/div>\n\t\t<\/div>\n\t\t\t\t<div class=\"elementor-column elementor-col-50 elementor-top-column elementor-element elementor-element-fd7058b\" data-id=\"fd7058b\" data-element_type=\"column\" data-e-type=\"column\">\n\t\t\t<div class=\"elementor-widget-wrap elementor-element-populated\">\n\t\t\t\t\t\t<div class=\"elementor-element elementor-element-b0058f9 elementor-widget elementor-widget-google_maps\" data-id=\"b0058f9\" data-element_type=\"widget\" data-e-type=\"widget\" data-widget_type=\"google_maps.default\">\n\t\t\t\t\t\t\t<div class=\"elementor-custom-embed\">\n\t\t\t<iframe loading=\"lazy\"\n\t\t\t\t\tsrc=\"https:\/\/maps.google.com\/maps?q=Ehitajate%20tee%20110&#038;t=m&#038;z=10&#038;output=embed&#038;iwloc=near\"\n\t\t\t\t\ttitle=\"Ehitajate tee 110\"\n\t\t\t\t\taria-label=\"Ehitajate tee 110\"\n\t\t\t><\/iframe>\n\t\t<\/div>\n\t\t\t\t\t\t<\/div>\n\t\t\t\t\t<\/div>\n\t\t<\/div>\n\t\t\t\t\t<\/div>\n\t\t<\/section>\n\t\t\t\t<section class=\"elementor-section elementor-top-section elementor-element elementor-element-556d7bf elementor-section-boxed elementor-section-height-default elementor-section-height-default\" data-id=\"556d7bf\" data-element_type=\"section\" data-e-type=\"section\">\n\t\t\t\t\t\t<div class=\"elementor-container elementor-column-gap-default\">\n\t\t\t\t\t<div class=\"elementor-column elementor-col-100 elementor-top-column elementor-element elementor-element-cb83015\" data-id=\"cb83015\" data-element_type=\"column\" data-e-type=\"column\">\n\t\t\t<div class=\"elementor-widget-wrap elementor-element-populated\">\n\t\t\t\t\t\t<div class=\"elementor-element elementor-element-8a5146e elementor-widget elementor-widget-spacer\" data-id=\"8a5146e\" data-element_type=\"widget\" data-e-type=\"widget\" data-widget_type=\"spacer.default\">\n\t\t\t\t\t\t\t<div class=\"elementor-spacer\">\n\t\t\t<div class=\"elementor-spacer-inner\"><\/div>\n\t\t<\/div>\n\t\t\t\t\t\t<\/div>\n\t\t\t\t\t<\/div>\n\t\t<\/div>\n\t\t\t\t\t<\/div>\n\t\t<\/section>\n\t\t\t\t<section class=\"elementor-section elementor-top-section elementor-element elementor-element-9869ee9 elementor-section-boxed elementor-section-height-default elementor-section-height-default\" data-id=\"9869ee9\" data-element_type=\"section\" data-e-type=\"section\" data-settings=\"{&quot;background_background&quot;:&quot;classic&quot;}\">\n\t\t\t\t\t\t<div class=\"elementor-container elementor-column-gap-default\">\n\t\t\t\t\t<div class=\"elementor-column elementor-col-100 elementor-top-column elementor-element elementor-element-14f59b2\" data-id=\"14f59b2\" data-element_type=\"column\" data-e-type=\"column\">\n\t\t\t<div class=\"elementor-widget-wrap elementor-element-populated\">\n\t\t\t\t\t\t<div class=\"elementor-element elementor-element-b9ba847 elementor-widget elementor-widget-heading\" data-id=\"b9ba847\" data-element_type=\"widget\" data-e-type=\"widget\" data-widget_type=\"heading.default\">\n\t\t\t\t\t<h2 class=\"elementor-heading-title elementor-size-default\">Kas soovite teada, kui palju maksavad virtuaalsed kontoriteenused?<\/h2>\t\t\t\t<\/div>\n\t\t\t\t<div class=\"elementor-element elementor-element-2760528 elementor-align-center elementor-widget elementor-widget-button\" data-id=\"2760528\" data-element_type=\"widget\" data-e-type=\"widget\" data-widget_type=\"button.default\">\n\t\t\t\t\t\t\t\t\t\t<a class=\"elementor-button elementor-button-link elementor-size-sm\" href=\"https:\/\/accres.eu\/et\/pricing\/\">\n\t\t\t\t\t\t<span class=\"elementor-button-content-wrapper\">\n\t\t\t\t\t\t\t\t\t<span class=\"elementor-button-text\">Mine hindade juurde<\/span>\n\t\t\t\t\t<\/span>\n\t\t\t\t\t<\/a>\n\t\t\t\t\t\t\t\t<\/div>\n\t\t\t\t\t<\/div>\n\t\t<\/div>\n\t\t\t\t\t<\/div>\n\t\t<\/section>\n\t\t\t\t<\/div>","protected":false},"excerpt":{"rendered":"<p>\u0412\u0438\u0440\u0442\u0443\u0430\u043b\u044c\u043d\u044b\u0439 \u043e\u0444\u0438\u0441 \u042e\u0440\u0438\u0434\u0438\u0447\u0435\u0441\u043a\u0438\u0439 \u0430\u0434\u0440\u0435\u0441 \u0412 \u043a\u0430\u0447\u0435\u0441\u0442\u0432\u0435 \u044e\u0440\u0438\u0434\u0438\u0447\u0435\u0441\u043a\u043e\u0433\u043e \u0430\u0434\u0440\u0435\u0441\u0430 \u0443 \u0432\u0430\u0448\u0435\u0439 \u043a\u043e\u043c\u043f\u0430\u043d\u0438\u0438 \u0431\u0443\u0434\u0435\u0442 \u043d\u0430\u0448 \u0430\u0434\u0440\u0435\u0441. \u041f\u043e \u044d\u0442\u043e\u043c\u0443 \u0430\u0434\u0440\u0435\u0441\u0443 \u043d\u0430\u0445\u043e\u0434\u0438\u0442\u0441\u044f \u0431\u0438\u0437\u043d\u0435\u0441-\u0446\u0435\u043d\u0442\u0440 \u0441 \u043e\u0444\u0438\u0441\u0430\u043c\u0438 \u0440\u0430\u0437\u043b\u0438\u0447\u043d\u044b\u0445 \u043a\u043e\u043c\u043f\u0430\u043d\u0438\u0439: \u043e\u0442 \u0438\u043d\u0442\u0435\u0440\u043d\u0435\u0442-\u043c\u0430\u0433\u0430\u0437\u0438\u043d\u043e\u0432 \u0434\u043e \u043a\u0440\u0443\u043f\u043d\u044b\u0445 \u0441\u0442\u0440\u043e\u0438\u0442\u0435\u043b\u044c\u043d\u044b\u0445 \u043a\u043e\u043c\u043f\u0430\u043d\u0438\u0439. \u041f\u043e\u0447\u0442\u043e\u0432\u044b\u0439 \u044f\u0449\u0438\u043a \u0412\u043e \u0432\u0441\u0435 \u043d\u0430\u0448\u0438 \u0442\u0430\u0440\u0438\u0444\u044b \u043d\u0430 \u0431\u0443\u0445\u0433\u0430\u043b\u0442\u0435\u0440\u0441\u043a\u0438\u0435 \u0443\u0441\u043b\u0443\u0433\u0438 \u043f\u043e\u043c\u0438\u043c\u043e \u044e\u0440\u0438\u0434\u0438\u0447\u0435\u0441\u043a\u043e\u0433\u043e \u0430\u0434\u0440\u0435\u0441\u0430 \u0432\u0445\u043e\u0434\u0438\u0442 \u0443\u0441\u043b\u0443\u0433\u0430 \u043f\u043e\u0447\u0442\u043e\u0432\u043e\u0433\u043e \u044f\u0449\u0438\u043a\u0430. \u0412\u0441\u044f \u043a\u043e\u0440\u0440\u0435\u0441\u043f\u043e\u043d\u0434\u0435\u043d\u0446\u0438\u044f, \u043a\u043e\u0442\u043e\u0440\u0443\u044e \u0432\u044b \u0431\u0443\u0434\u0435\u0442\u0435 \u043f\u043e\u043b\u0443\u0447\u0430\u0442\u044c \u043f\u043e \u0430\u0434\u0440\u0435\u0441\u0443 \u0432\u0430\u0448\u0435\u0439 \u043a\u043e\u043c\u043f\u0430\u043d\u0438\u0438, [&hellip;]<\/p>\n","protected":false},"author":1,"featured_media":0,"parent":0,"menu_order":0,"comment_status":"closed","ping_status":"closed","template":"page-templates\/fullwidth-content.php","meta":{"footnotes":""},"class_list":["post-1068","page","type-page","status-publish","hentry"],"yoast_head":"<!-- This site is optimized with the Yoast SEO plugin v27.0 - https:\/\/yoast.com\/product\/yoast-seo-wordpress\/ -->\n<title>\u0412\u0438\u0440\u0442\u0443\u0430\u043b\u044c\u043d\u044b\u0439 \u043e\u0444\u0438\u0441 - Accounting Resources<\/title>\n<meta name=\"robots\" content=\"index, follow, max-snippet:-1, max-image-preview:large, max-video-preview:-1\" \/>\n<link rel=\"canonical\" href=\"https:\/\/accres.eu\/et\/juriidiline-aadress\/\" \/>\n<meta property=\"og:locale\" content=\"et_EE\" \/>\n<meta property=\"og:type\" content=\"article\" \/>\n<meta property=\"og:title\" content=\"\u0412\u0438\u0440\u0442\u0443\u0430\u043b\u044c\u043d\u044b\u0439 \u043e\u0444\u0438\u0441 - Accounting Resources\" \/>\n<meta property=\"og:description\" content=\"\u0412\u0438\u0440\u0442\u0443\u0430\u043b\u044c\u043d\u044b\u0439 \u043e\u0444\u0438\u0441 \u042e\u0440\u0438\u0434\u0438\u0447\u0435\u0441\u043a\u0438\u0439 \u0430\u0434\u0440\u0435\u0441 \u0412 \u043a\u0430\u0447\u0435\u0441\u0442\u0432\u0435 \u044e\u0440\u0438\u0434\u0438\u0447\u0435\u0441\u043a\u043e\u0433\u043e \u0430\u0434\u0440\u0435\u0441\u0430 \u0443 \u0432\u0430\u0448\u0435\u0439 \u043a\u043e\u043c\u043f\u0430\u043d\u0438\u0438 \u0431\u0443\u0434\u0435\u0442 \u043d\u0430\u0448 \u0430\u0434\u0440\u0435\u0441. \u041f\u043e \u044d\u0442\u043e\u043c\u0443 \u0430\u0434\u0440\u0435\u0441\u0443 \u043d\u0430\u0445\u043e\u0434\u0438\u0442\u0441\u044f \u0431\u0438\u0437\u043d\u0435\u0441-\u0446\u0435\u043d\u0442\u0440 \u0441 \u043e\u0444\u0438\u0441\u0430\u043c\u0438 \u0440\u0430\u0437\u043b\u0438\u0447\u043d\u044b\u0445 \u043a\u043e\u043c\u043f\u0430\u043d\u0438\u0439: \u043e\u0442 \u0438\u043d\u0442\u0435\u0440\u043d\u0435\u0442-\u043c\u0430\u0433\u0430\u0437\u0438\u043d\u043e\u0432 \u0434\u043e \u043a\u0440\u0443\u043f\u043d\u044b\u0445 \u0441\u0442\u0440\u043e\u0438\u0442\u0435\u043b\u044c\u043d\u044b\u0445 \u043a\u043e\u043c\u043f\u0430\u043d\u0438\u0439. \u041f\u043e\u0447\u0442\u043e\u0432\u044b\u0439 \u044f\u0449\u0438\u043a \u0412\u043e \u0432\u0441\u0435 \u043d\u0430\u0448\u0438 \u0442\u0430\u0440\u0438\u0444\u044b \u043d\u0430 \u0431\u0443\u0445\u0433\u0430\u043b\u0442\u0435\u0440\u0441\u043a\u0438\u0435 \u0443\u0441\u043b\u0443\u0433\u0438 \u043f\u043e\u043c\u0438\u043c\u043e \u044e\u0440\u0438\u0434\u0438\u0447\u0435\u0441\u043a\u043e\u0433\u043e \u0430\u0434\u0440\u0435\u0441\u0430 \u0432\u0445\u043e\u0434\u0438\u0442 \u0443\u0441\u043b\u0443\u0433\u0430 \u043f\u043e\u0447\u0442\u043e\u0432\u043e\u0433\u043e \u044f\u0449\u0438\u043a\u0430. \u0412\u0441\u044f \u043a\u043e\u0440\u0440\u0435\u0441\u043f\u043e\u043d\u0434\u0435\u043d\u0446\u0438\u044f, \u043a\u043e\u0442\u043e\u0440\u0443\u044e \u0432\u044b \u0431\u0443\u0434\u0435\u0442\u0435 \u043f\u043e\u043b\u0443\u0447\u0430\u0442\u044c \u043f\u043e \u0430\u0434\u0440\u0435\u0441\u0443 \u0432\u0430\u0448\u0435\u0439 \u043a\u043e\u043c\u043f\u0430\u043d\u0438\u0438, [&hellip;]\" \/>\n<meta property=\"og:url\" content=\"https:\/\/accres.eu\/et\/juriidiline-aadress\/\" \/>\n<meta property=\"og:site_name\" content=\"Accounting Resources\" \/>\n<meta property=\"article:publisher\" content=\"https:\/\/www.facebook.com\/accreseu\" \/>\n<meta property=\"article:modified_time\" content=\"2025-10-23T07:16:07+00:00\" \/>\n<meta name=\"twitter:card\" content=\"summary_large_image\" \/>\n<meta name=\"twitter:label1\" content=\"Est. reading time\" \/>\n\t<meta name=\"twitter:data1\" content=\"1 minut\" \/>\n<script type=\"application\/ld+json\" class=\"yoast-schema-graph\">{\"@context\":\"https:\/\/schema.org\",\"@graph\":[{\"@type\":\"WebPage\",\"@id\":\"https:\/\/accres.eu\/juridicheskii-adres\/\",\"url\":\"https:\/\/accres.eu\/juridicheskii-adres\/\",\"name\":\"\u0412\u0438\u0440\u0442\u0443\u0430\u043b\u044c\u043d\u044b\u0439 \u043e\u0444\u0438\u0441 - Accounting Resources\",\"isPartOf\":{\"@id\":\"https:\/\/accres.eu\/en\/#website\"},\"datePublished\":\"2020-08-26T20:29:48+00:00\",\"dateModified\":\"2025-10-23T07:16:07+00:00\",\"breadcrumb\":{\"@id\":\"https:\/\/accres.eu\/juridicheskii-adres\/#breadcrumb\"},\"inLanguage\":\"et\",\"potentialAction\":[{\"@type\":\"ReadAction\",\"target\":[\"https:\/\/accres.eu\/juridicheskii-adres\/\"]}]},{\"@type\":\"BreadcrumbList\",\"@id\":\"https:\/\/accres.eu\/juridicheskii-adres\/#breadcrumb\",\"itemListElement\":[{\"@type\":\"ListItem\",\"position\":1,\"name\":\"\u0413\u043b\u0430\u0432\u043d\u0430\u044f \u0441\u0442\u0440\u0430\u043d\u0438\u0446\u0430\",\"item\":\"https:\/\/accres.eu\/\"},{\"@type\":\"ListItem\",\"position\":2,\"name\":\"\u0412\u0438\u0440\u0442\u0443\u0430\u043b\u044c\u043d\u044b\u0439 \u043e\u0444\u0438\u0441\"}]},{\"@type\":\"WebSite\",\"@id\":\"https:\/\/accres.eu\/en\/#website\",\"url\":\"https:\/\/accres.eu\/en\/\",\"name\":\"AccRes.eu\",\"description\":\"\u0411\u0443\u0445\u0433\u0430\u043b\u0442\u0435\u0440\u0441\u043a\u043e\u0435 \u043e\u0431\u0441\u043b\u0443\u0436\u0438\u0432\u0430\u043d\u0438\u0435, \u0440\u0435\u0433\u0438\u0441\u0442\u0440\u0430\u0446\u0438\u044f \u043a\u043e\u043c\u043f\u0430\u043d\u0438\u0439\",\"publisher\":{\"@id\":\"https:\/\/accres.eu\/en\/#organization\"},\"potentialAction\":[{\"@type\":\"SearchAction\",\"target\":{\"@type\":\"EntryPoint\",\"urlTemplate\":\"https:\/\/accres.eu\/en\/?s={search_term_string}\"},\"query-input\":{\"@type\":\"PropertyValueSpecification\",\"valueRequired\":true,\"valueName\":\"search_term_string\"}}],\"inLanguage\":\"et\"},{\"@type\":\"Organization\",\"@id\":\"https:\/\/accres.eu\/en\/#organization\",\"name\":\"Accounting Resources\",\"url\":\"https:\/\/accres.eu\/en\/\",\"logo\":{\"@type\":\"ImageObject\",\"inLanguage\":\"et\",\"@id\":\"https:\/\/accres.eu\/en\/#\/schema\/logo\/image\/\",\"url\":\"https:\/\/accres.eu\/wp-content\/uploads\/2020\/08\/AR-logo-500-trans-for-light-bkg.png\",\"contentUrl\":\"https:\/\/accres.eu\/wp-content\/uploads\/2020\/08\/AR-logo-500-trans-for-light-bkg.png\",\"width\":501,\"height\":225,\"caption\":\"Accounting Resources\"},\"image\":{\"@id\":\"https:\/\/accres.eu\/en\/#\/schema\/logo\/image\/\"},\"sameAs\":[\"https:\/\/www.facebook.com\/accreseu\"]}]}<\/script>\n<!-- \/ Yoast SEO plugin. -->","yoast_head_json":{"title":"Virtuaalne kontor - Raamatupidamisressursid","robots":{"index":"index","follow":"follow","max-snippet":"max-snippet:-1","max-image-preview":"max-image-preview:large","max-video-preview":"max-video-preview:-1"},"canonical":"https:\/\/accres.eu\/et\/juriidiline-aadress\/","og_locale":"et_EE","og_type":"article","og_title":"\u0412\u0438\u0440\u0442\u0443\u0430\u043b\u044c\u043d\u044b\u0439 \u043e\u0444\u0438\u0441 - Accounting Resources","og_description":"\u0412\u0438\u0440\u0442\u0443\u0430\u043b\u044c\u043d\u044b\u0439 \u043e\u0444\u0438\u0441 \u042e\u0440\u0438\u0434\u0438\u0447\u0435\u0441\u043a\u0438\u0439 \u0430\u0434\u0440\u0435\u0441 \u0412 \u043a\u0430\u0447\u0435\u0441\u0442\u0432\u0435 \u044e\u0440\u0438\u0434\u0438\u0447\u0435\u0441\u043a\u043e\u0433\u043e \u0430\u0434\u0440\u0435\u0441\u0430 \u0443 \u0432\u0430\u0448\u0435\u0439 \u043a\u043e\u043c\u043f\u0430\u043d\u0438\u0438 \u0431\u0443\u0434\u0435\u0442 \u043d\u0430\u0448 \u0430\u0434\u0440\u0435\u0441. \u041f\u043e \u044d\u0442\u043e\u043c\u0443 \u0430\u0434\u0440\u0435\u0441\u0443 \u043d\u0430\u0445\u043e\u0434\u0438\u0442\u0441\u044f \u0431\u0438\u0437\u043d\u0435\u0441-\u0446\u0435\u043d\u0442\u0440 \u0441 \u043e\u0444\u0438\u0441\u0430\u043c\u0438 \u0440\u0430\u0437\u043b\u0438\u0447\u043d\u044b\u0445 \u043a\u043e\u043c\u043f\u0430\u043d\u0438\u0439: \u043e\u0442 \u0438\u043d\u0442\u0435\u0440\u043d\u0435\u0442-\u043c\u0430\u0433\u0430\u0437\u0438\u043d\u043e\u0432 \u0434\u043e \u043a\u0440\u0443\u043f\u043d\u044b\u0445 \u0441\u0442\u0440\u043e\u0438\u0442\u0435\u043b\u044c\u043d\u044b\u0445 \u043a\u043e\u043c\u043f\u0430\u043d\u0438\u0439. \u041f\u043e\u0447\u0442\u043e\u0432\u044b\u0439 \u044f\u0449\u0438\u043a \u0412\u043e \u0432\u0441\u0435 \u043d\u0430\u0448\u0438 \u0442\u0430\u0440\u0438\u0444\u044b \u043d\u0430 \u0431\u0443\u0445\u0433\u0430\u043b\u0442\u0435\u0440\u0441\u043a\u0438\u0435 \u0443\u0441\u043b\u0443\u0433\u0438 \u043f\u043e\u043c\u0438\u043c\u043e \u044e\u0440\u0438\u0434\u0438\u0447\u0435\u0441\u043a\u043e\u0433\u043e \u0430\u0434\u0440\u0435\u0441\u0430 \u0432\u0445\u043e\u0434\u0438\u0442 \u0443\u0441\u043b\u0443\u0433\u0430 \u043f\u043e\u0447\u0442\u043e\u0432\u043e\u0433\u043e \u044f\u0449\u0438\u043a\u0430. \u0412\u0441\u044f \u043a\u043e\u0440\u0440\u0435\u0441\u043f\u043e\u043d\u0434\u0435\u043d\u0446\u0438\u044f, \u043a\u043e\u0442\u043e\u0440\u0443\u044e \u0432\u044b \u0431\u0443\u0434\u0435\u0442\u0435 \u043f\u043e\u043b\u0443\u0447\u0430\u0442\u044c \u043f\u043e \u0430\u0434\u0440\u0435\u0441\u0443 \u0432\u0430\u0448\u0435\u0439 \u043a\u043e\u043c\u043f\u0430\u043d\u0438\u0438, [&hellip;]","og_url":"https:\/\/accres.eu\/et\/juriidiline-aadress\/","og_site_name":"Accounting Resources","article_publisher":"https:\/\/www.facebook.com\/accreseu","article_modified_time":"2025-10-23T07:16:07+00:00","twitter_card":"summary_large_image","twitter_misc":{"Est. reading time":"1 minut"},"schema":{"@context":"https:\/\/schema.org","@graph":[{"@type":"WebPage","@id":"https:\/\/accres.eu\/juridicheskii-adres\/","url":"https:\/\/accres.eu\/juridicheskii-adres\/","name":"Virtuaalne kontor - Raamatupidamisressursid","isPartOf":{"@id":"https:\/\/accres.eu\/en\/#website"},"datePublished":"2020-08-26T20:29:48+00:00","dateModified":"2025-10-23T07:16:07+00:00","breadcrumb":{"@id":"https:\/\/accres.eu\/juridicheskii-adres\/#breadcrumb"},"inLanguage":"et","potentialAction":[{"@type":"ReadAction","target":["https:\/\/accres.eu\/juridicheskii-adres\/"]}]},{"@type":"BreadcrumbList","@id":"https:\/\/accres.eu\/juridicheskii-adres\/#breadcrumb","itemListElement":[{"@type":"ListItem","position":1,"name":"\u0413\u043b\u0430\u0432\u043d\u0430\u044f \u0441\u0442\u0440\u0430\u043d\u0438\u0446\u0430","item":"https:\/\/accres.eu\/"},{"@type":"ListItem","position":2,"name":"\u0412\u0438\u0440\u0442\u0443\u0430\u043b\u044c\u043d\u044b\u0439 \u043e\u0444\u0438\u0441"}]},{"@type":"WebSite","@id":"https:\/\/accres.eu\/en\/#website","url":"https:\/\/accres.eu\/en\/","name":"AccRes.eu","description":"Raamatupidamisteenused, ettev\u00f5tete registreerimine","publisher":{"@id":"https:\/\/accres.eu\/en\/#organization"},"potentialAction":[{"@type":"SearchAction","target":{"@type":"EntryPoint","urlTemplate":"https:\/\/accres.eu\/en\/?s={search_term_string}"},"query-input":{"@type":"PropertyValueSpecification","valueRequired":true,"valueName":"search_term_string"}}],"inLanguage":"et"},{"@type":"Organization","@id":"https:\/\/accres.eu\/en\/#organization","name":"Accounting Resources","url":"https:\/\/accres.eu\/en\/","logo":{"@type":"ImageObject","inLanguage":"et","@id":"https:\/\/accres.eu\/en\/#\/schema\/logo\/image\/","url":"https:\/\/accres.eu\/wp-content\/uploads\/2020\/08\/AR-logo-500-trans-for-light-bkg.png","contentUrl":"https:\/\/accres.eu\/wp-content\/uploads\/2020\/08\/AR-logo-500-trans-for-light-bkg.png","width":501,"height":225,"caption":"Accounting Resources"},"image":{"@id":"https:\/\/accres.eu\/en\/#\/schema\/logo\/image\/"},"sameAs":["https:\/\/www.facebook.com\/accreseu"]}]}},"_links":{"self":[{"href":"https:\/\/accres.eu\/et\/wp-json\/wp\/v2\/pages\/1068","targetHints":{"allow":["GET"]}}],"collection":[{"href":"https:\/\/accres.eu\/et\/wp-json\/wp\/v2\/pages"}],"about":[{"href":"https:\/\/accres.eu\/et\/wp-json\/wp\/v2\/types\/page"}],"author":[{"embeddable":true,"href":"https:\/\/accres.eu\/et\/wp-json\/wp\/v2\/users\/1"}],"replies":[{"embeddable":true,"href":"https:\/\/accres.eu\/et\/wp-json\/wp\/v2\/comments?post=1068"}],"version-history":[{"count":15,"href":"https:\/\/accres.eu\/et\/wp-json\/wp\/v2\/pages\/1068\/revisions"}],"predecessor-version":[{"id":6163,"href":"https:\/\/accres.eu\/et\/wp-json\/wp\/v2\/pages\/1068\/revisions\/6163"}],"wp:attachment":[{"href":"https:\/\/accres.eu\/et\/wp-json\/wp\/v2\/media?parent=1068"}],"curies":[{"name":"wp","href":"https:\/\/api.w.org\/{rel}","templated":true}]}}