{"id":1072,"date":"2020-08-26T20:31:25","date_gmt":"2020-08-26T20:31:25","guid":{"rendered":"https:\/\/accres.eu\/accres_html\/?page_id=1072"},"modified":"2025-10-23T07:17:40","modified_gmt":"2025-10-23T07:17:40","slug":"it-teenused","status":"publish","type":"page","link":"https:\/\/accres.eu\/et\/it-uslugi\/","title":{"rendered":"IT-teenused"},"content":{"rendered":"<div data-elementor-type=\"wp-page\" data-elementor-id=\"1072\" class=\"elementor elementor-1072\" data-elementor-post-type=\"page\">\n\t\t\t\t\t\t<section class=\"elementor-section elementor-top-section elementor-element elementor-element-a40d401 elementor-section-boxed elementor-section-height-default elementor-section-height-default\" data-id=\"a40d401\" data-element_type=\"section\" data-e-type=\"section\" data-settings=\"{&quot;background_background&quot;:&quot;classic&quot;}\">\n\t\t\t\t\t\t<div class=\"elementor-container elementor-column-gap-default\">\n\t\t\t\t\t<div class=\"elementor-column elementor-col-100 elementor-top-column elementor-element elementor-element-2d6cf37\" data-id=\"2d6cf37\" data-element_type=\"column\" data-e-type=\"column\">\n\t\t\t<div class=\"elementor-widget-wrap elementor-element-populated\">\n\t\t\t\t\t\t<div class=\"elementor-element elementor-element-bb47146 elementor-widget elementor-widget-heading\" data-id=\"bb47146\" data-element_type=\"widget\" data-e-type=\"widget\" data-widget_type=\"heading.default\">\n\t\t\t\t\t<h2 class=\"elementor-heading-title elementor-size-default\">IT-teenused<\/h2>\t\t\t\t<\/div>\n\t\t\t\t\t<\/div>\n\t\t<\/div>\n\t\t\t\t\t<\/div>\n\t\t<\/section>\n\t\t\t\t<section class=\"elementor-section elementor-top-section elementor-element elementor-element-c1e2e28 elementor-section-boxed elementor-section-height-default elementor-section-height-default\" data-id=\"c1e2e28\" data-element_type=\"section\" data-e-type=\"section\">\n\t\t\t\t\t\t<div class=\"elementor-container elementor-column-gap-default\">\n\t\t\t\t\t<div class=\"elementor-column elementor-col-50 elementor-top-column elementor-element elementor-element-313e430\" data-id=\"313e430\" data-element_type=\"column\" data-e-type=\"column\">\n\t\t\t<div class=\"elementor-widget-wrap elementor-element-populated\">\n\t\t\t\t\t\t<div class=\"elementor-element elementor-element-865c99e elementor-widget elementor-widget-heading\" data-id=\"865c99e\" data-element_type=\"widget\" data-e-type=\"widget\" data-widget_type=\"heading.default\">\n\t\t\t\t\t<h3 class=\"elementor-heading-title elementor-size-default\">CRM integratsioon<\/h3>\t\t\t\t<\/div>\n\t\t\t\t<div class=\"elementor-element elementor-element-36a66eb elementor-widget elementor-widget-text-editor\" data-id=\"36a66eb\" data-element_type=\"widget\" data-e-type=\"widget\" data-widget_type=\"text-editor.default\">\n\t\t\t\t\t\t\t\t\t<p>Kui koostate oma klientidele arveid m\u00f5nes CRM-s\u00fcsteemis (n\u00e4iteks Pipedrive, Salesforce v\u00f5i Bitrix24), ei ole m\u00f5tet neid arveid raamatupidamistarkvaras uuesti sisestada \u2013 see protsess peab toimuma automaatselt. Aitame teil sellise integratsiooni seadistada.<\/p>\t\t\t\t\t\t\t\t<\/div>\n\t\t\t\t<div class=\"elementor-element elementor-element-fbcf6b7 elementor-widget elementor-widget-heading\" data-id=\"fbcf6b7\" data-element_type=\"widget\" data-e-type=\"widget\" data-widget_type=\"heading.default\">\n\t\t\t\t\t<h3 class=\"elementor-heading-title elementor-size-default\">CMS integratsioon<\/h3>\t\t\t\t<\/div>\n\t\t\t\t<div class=\"elementor-element elementor-element-675c243 elementor-widget elementor-widget-text-editor\" data-id=\"675c243\" data-element_type=\"widget\" data-e-type=\"widget\" data-widget_type=\"text-editor.default\">\n\t\t\t\t\t\t\t\t\t<p>Kui teie klientide arved luuakse otse teie veebisaidi kaudu,\u00a0<span style=\"letter-spacing: 0px;\">ei ole m\u00f5tet neid kontosid uuesti raamatupidamisprogrammi sisestada; see peaks toimuma automaatselt. Me saame teid aidata selle integreerimise seadistamisel.<\/span><span style=\"letter-spacing: 0px;\">\u00a0<\/span><\/p>\t\t\t\t\t\t\t\t<\/div>\n\t\t\t\t<div class=\"elementor-element elementor-element-4a4d57a elementor-widget elementor-widget-heading\" data-id=\"4a4d57a\" data-element_type=\"widget\" data-e-type=\"widget\" data-widget_type=\"heading.default\">\n\t\t\t\t\t<h3 class=\"elementor-heading-title elementor-size-default\">Laoprogrammi integreerimine<\/h3>\t\t\t\t<\/div>\n\t\t\t\t<div class=\"elementor-element elementor-element-e5f7f19 elementor-widget elementor-widget-text-editor\" data-id=\"e5f7f19\" data-element_type=\"widget\" data-e-type=\"widget\" data-widget_type=\"text-editor.default\">\n\t\t\t\t\t\t\t\t\t<p>Kui teil on laoarvestus ja te kasutate selleks spetsiaalset tarkvara, saame aidata teil leida lahenduse, et v\u00e4ltida topeltt\u00f6\u00f6d ja seadistada automaatne andmeedastus teie s\u00fcsteemist raamatupidamistarkvarasse.<\/p>\t\t\t\t\t\t\t\t<\/div>\n\t\t\t\t\t<\/div>\n\t\t<\/div>\n\t\t\t\t<div class=\"elementor-column elementor-col-50 elementor-top-column elementor-element elementor-element-2c0180d\" data-id=\"2c0180d\" data-element_type=\"column\" data-e-type=\"column\">\n\t\t\t<div class=\"elementor-widget-wrap elementor-element-populated\">\n\t\t\t\t\t\t<div class=\"elementor-element elementor-element-c877417 elementor-widget elementor-widget-image\" data-id=\"c877417\" data-element_type=\"widget\" data-e-type=\"widget\" data-widget_type=\"image.default\">\n\t\t\t\t\t\t\t\t\t\t\t\t\t\t\t<img fetchpriority=\"high\" decoding=\"async\" width=\"1024\" height=\"757\" src=\"https:\/\/accres.eu\/wp-content\/uploads\/2019\/05\/undraw_data_trends_b0wg-1024x757.png\" class=\"attachment-large size-large wp-image-837\" alt=\"\" srcset=\"https:\/\/accres.eu\/wp-content\/uploads\/2019\/05\/undraw_data_trends_b0wg-1024x757.png 1024w, https:\/\/accres.eu\/wp-content\/uploads\/2019\/05\/undraw_data_trends_b0wg-300x222.png 300w, https:\/\/accres.eu\/wp-content\/uploads\/2019\/05\/undraw_data_trends_b0wg-768x568.png 768w, https:\/\/accres.eu\/wp-content\/uploads\/2019\/05\/undraw_data_trends_b0wg-600x443.png 600w, https:\/\/accres.eu\/wp-content\/uploads\/2019\/05\/undraw_data_trends_b0wg.png 1376w\" sizes=\"(max-width: 1024px) 100vw, 1024px\" \/>\t\t\t\t\t\t\t\t\t\t\t\t\t\t\t<\/div>\n\t\t\t\t\t<\/div>\n\t\t<\/div>\n\t\t\t\t\t<\/div>\n\t\t<\/section>\n\t\t\t\t<section class=\"elementor-section elementor-top-section elementor-element elementor-element-1bbfdff elementor-section-boxed elementor-section-height-default elementor-section-height-default\" data-id=\"1bbfdff\" data-element_type=\"section\" data-e-type=\"section\">\n\t\t\t\t\t\t<div class=\"elementor-container elementor-column-gap-default\">\n\t\t\t\t\t<div class=\"elementor-column elementor-col-100 elementor-top-column elementor-element elementor-element-c227850\" data-id=\"c227850\" data-element_type=\"column\" data-e-type=\"column\">\n\t\t\t<div class=\"elementor-widget-wrap elementor-element-populated\">\n\t\t\t\t\t\t<div class=\"elementor-element elementor-element-38406f4 elementor-widget elementor-widget-spacer\" data-id=\"38406f4\" data-element_type=\"widget\" data-e-type=\"widget\" data-widget_type=\"spacer.default\">\n\t\t\t\t\t\t\t<div class=\"elementor-spacer\">\n\t\t\t<div class=\"elementor-spacer-inner\"><\/div>\n\t\t<\/div>\n\t\t\t\t\t\t<\/div>\n\t\t\t\t\t<\/div>\n\t\t<\/div>\n\t\t\t\t\t<\/div>\n\t\t<\/section>\n\t\t\t\t<section class=\"elementor-section elementor-top-section elementor-element elementor-element-900e402 elementor-section-boxed elementor-section-height-default elementor-section-height-default\" data-id=\"900e402\" data-element_type=\"section\" data-e-type=\"section\" data-settings=\"{&quot;background_background&quot;:&quot;classic&quot;}\">\n\t\t\t\t\t\t<div class=\"elementor-container elementor-column-gap-default\">\n\t\t\t\t\t<div class=\"elementor-column elementor-col-100 elementor-top-column elementor-element elementor-element-94d1f78\" data-id=\"94d1f78\" data-element_type=\"column\" data-e-type=\"column\">\n\t\t\t<div class=\"elementor-widget-wrap elementor-element-populated\">\n\t\t\t\t\t\t<div class=\"elementor-element elementor-element-07c3ef8 elementor-widget elementor-widget-heading\" data-id=\"07c3ef8\" data-element_type=\"widget\" data-e-type=\"widget\" data-widget_type=\"heading.default\">\n\t\t\t\t\t<h2 class=\"elementor-heading-title elementor-size-default\">Kas soovite teada, kui palju IT-teenused maksavad?<\/h2>\t\t\t\t<\/div>\n\t\t\t\t<div class=\"elementor-element elementor-element-2fce0a5 elementor-align-center elementor-widget elementor-widget-button\" data-id=\"2fce0a5\" data-element_type=\"widget\" data-e-type=\"widget\" data-widget_type=\"button.default\">\n\t\t\t\t\t\t\t\t\t\t<a class=\"elementor-button elementor-button-link elementor-size-sm\" href=\"https:\/\/accres.eu\/et\/it-teenuste-hind\/\">\n\t\t\t\t\t\t<span class=\"elementor-button-content-wrapper\">\n\t\t\t\t\t\t\t\t\t<span class=\"elementor-button-text\">Mine hindade juurde<\/span>\n\t\t\t\t\t<\/span>\n\t\t\t\t\t<\/a>\n\t\t\t\t\t\t\t\t<\/div>\n\t\t\t\t\t<\/div>\n\t\t<\/div>\n\t\t\t\t\t<\/div>\n\t\t<\/section>\n\t\t\t\t<\/div>","protected":false},"excerpt":{"rendered":"<p>\u0418\u0422-\u0443\u0441\u043b\u0443\u0433\u0438 \u0418\u043d\u0442\u0435\u0433\u0440\u0430\u0446\u0438\u044f CRM \u0415\u0441\u043b\u0438 \u0432\u044b \u0433\u0435\u043d\u0435\u0440\u0438\u0440\u0443\u0435\u0442\u0435 \u0441\u0447\u0435\u0442\u0430 \u0434\u043b\u044f \u0441\u0432\u043e\u0438\u0445 \u043a\u043b\u0438\u0435\u043d\u0442\u043e\u0432 \u0432 \u043b\u044e\u0431\u043e\u0439 CRM \u0441\u0438\u0441\u0442\u0435\u043c\u0435 (\u043d\u0430\u043f\u0440\u0438\u043c\u0435\u0440, Pipedrive, Salesforce, Bitrix24), \u043d\u0435 \u0438\u043c\u0435\u0435\u0442 \u0441\u043c\u044b\u0441\u043b\u0430 \u0437\u0430\u043d\u043e\u0432\u043e \u0437\u0430\u0432\u043e\u0434\u0438\u0442\u044c \u044d\u0442\u0438 \u0441\u0447\u0435\u0442\u0430 \u0432 \u0431\u0443\u0445\u0433\u0430\u043b\u0442\u0435\u0440\u0441\u043a\u0443\u044e \u043f\u0440\u043e\u0433\u0440\u0430\u043c\u043c\u0443, \u044d\u0442\u043e \u0434\u043e\u043b\u0436\u043d\u043e \u043f\u0440\u043e\u0438\u0441\u0445\u043e\u0434\u0438\u0442\u044c \u0430\u0432\u0442\u043e\u043c\u0430\u0442\u0438\u0447\u0435\u0441\u043a\u0438. \u041c\u044b \u043f\u043e\u043c\u043e\u0436\u0435\u043c \u043d\u0430\u0441\u0442\u0440\u043e\u0438\u0442\u044c \u0442\u0430\u043a\u0443\u044e \u0438\u043d\u0442\u0435\u0433\u0440\u0430\u0446\u0438\u044e. \u0418\u043d\u0442\u0435\u0433\u0440\u0430\u0446\u0438\u044f CMS \u0415\u0441\u043b\u0438 \u0441\u0447\u0435\u0442\u0430 \u0434\u043b\u044f \u0432\u0430\u0448\u0438\u0445 \u043a\u043b\u0438\u0435\u043d\u0442\u043e\u0432 \u0433\u0435\u043d\u0435\u0440\u0438\u0440\u0443\u044e\u0442\u0441\u044f \u043d\u0430\u043f\u0440\u044f\u043c\u0443\u044e \u0447\u0435\u0440\u0435\u0437 \u0432\u0430\u0448 \u0441\u0430\u0439\u0442,\u00a0\u043d\u0435 \u0438\u043c\u0435\u0435\u0442 \u0441\u043c\u044b\u0441\u043b\u0430 \u0437\u0430\u043d\u043e\u0432\u043e \u0437\u0430\u0432\u043e\u0434\u0438\u0442\u044c \u044d\u0442\u0438 \u0441\u0447\u0435\u0442\u0430 [&hellip;]<\/p>\n","protected":false},"author":1,"featured_media":0,"parent":0,"menu_order":0,"comment_status":"closed","ping_status":"closed","template":"page-templates\/fullwidth-content.php","meta":{"footnotes":""},"class_list":["post-1072","page","type-page","status-publish","hentry"],"yoast_head":"<!-- This site is optimized with the Yoast SEO plugin v27.0 - https:\/\/yoast.com\/product\/yoast-seo-wordpress\/ -->\n<title>\u0418\u0422-\u0443\u0441\u043b\u0443\u0433\u0438 - Accounting Resources<\/title>\n<meta name=\"robots\" content=\"index, follow, max-snippet:-1, max-image-preview:large, max-video-preview:-1\" \/>\n<link rel=\"canonical\" href=\"https:\/\/accres.eu\/et\/it-teenused\/\" \/>\n<meta property=\"og:locale\" content=\"et_EE\" \/>\n<meta property=\"og:type\" content=\"article\" \/>\n<meta property=\"og:title\" content=\"\u0418\u0422-\u0443\u0441\u043b\u0443\u0433\u0438 - Accounting Resources\" \/>\n<meta property=\"og:description\" content=\"\u0418\u0422-\u0443\u0441\u043b\u0443\u0433\u0438 \u0418\u043d\u0442\u0435\u0433\u0440\u0430\u0446\u0438\u044f CRM \u0415\u0441\u043b\u0438 \u0432\u044b \u0433\u0435\u043d\u0435\u0440\u0438\u0440\u0443\u0435\u0442\u0435 \u0441\u0447\u0435\u0442\u0430 \u0434\u043b\u044f \u0441\u0432\u043e\u0438\u0445 \u043a\u043b\u0438\u0435\u043d\u0442\u043e\u0432 \u0432 \u043b\u044e\u0431\u043e\u0439 CRM \u0441\u0438\u0441\u0442\u0435\u043c\u0435 (\u043d\u0430\u043f\u0440\u0438\u043c\u0435\u0440, Pipedrive, Salesforce, Bitrix24), \u043d\u0435 \u0438\u043c\u0435\u0435\u0442 \u0441\u043c\u044b\u0441\u043b\u0430 \u0437\u0430\u043d\u043e\u0432\u043e \u0437\u0430\u0432\u043e\u0434\u0438\u0442\u044c \u044d\u0442\u0438 \u0441\u0447\u0435\u0442\u0430 \u0432 \u0431\u0443\u0445\u0433\u0430\u043b\u0442\u0435\u0440\u0441\u043a\u0443\u044e \u043f\u0440\u043e\u0433\u0440\u0430\u043c\u043c\u0443, \u044d\u0442\u043e \u0434\u043e\u043b\u0436\u043d\u043e \u043f\u0440\u043e\u0438\u0441\u0445\u043e\u0434\u0438\u0442\u044c \u0430\u0432\u0442\u043e\u043c\u0430\u0442\u0438\u0447\u0435\u0441\u043a\u0438. \u041c\u044b \u043f\u043e\u043c\u043e\u0436\u0435\u043c \u043d\u0430\u0441\u0442\u0440\u043e\u0438\u0442\u044c \u0442\u0430\u043a\u0443\u044e \u0438\u043d\u0442\u0435\u0433\u0440\u0430\u0446\u0438\u044e. \u0418\u043d\u0442\u0435\u0433\u0440\u0430\u0446\u0438\u044f CMS \u0415\u0441\u043b\u0438 \u0441\u0447\u0435\u0442\u0430 \u0434\u043b\u044f \u0432\u0430\u0448\u0438\u0445 \u043a\u043b\u0438\u0435\u043d\u0442\u043e\u0432 \u0433\u0435\u043d\u0435\u0440\u0438\u0440\u0443\u044e\u0442\u0441\u044f \u043d\u0430\u043f\u0440\u044f\u043c\u0443\u044e \u0447\u0435\u0440\u0435\u0437 \u0432\u0430\u0448 \u0441\u0430\u0439\u0442,\u00a0\u043d\u0435 \u0438\u043c\u0435\u0435\u0442 \u0441\u043c\u044b\u0441\u043b\u0430 \u0437\u0430\u043d\u043e\u0432\u043e \u0437\u0430\u0432\u043e\u0434\u0438\u0442\u044c \u044d\u0442\u0438 \u0441\u0447\u0435\u0442\u0430 [&hellip;]\" \/>\n<meta property=\"og:url\" content=\"https:\/\/accres.eu\/et\/it-teenused\/\" \/>\n<meta property=\"og:site_name\" content=\"Accounting Resources\" \/>\n<meta property=\"article:publisher\" content=\"https:\/\/www.facebook.com\/accreseu\" \/>\n<meta property=\"article:modified_time\" content=\"2025-10-23T07:17:40+00:00\" \/>\n<meta property=\"og:image\" content=\"https:\/\/accres.eu\/wp-content\/uploads\/2019\/05\/undraw_data_trends_b0wg.png\" \/>\n\t<meta property=\"og:image:width\" content=\"1376\" \/>\n\t<meta property=\"og:image:height\" content=\"1017\" \/>\n\t<meta property=\"og:image:type\" content=\"image\/png\" \/>\n<meta name=\"twitter:card\" content=\"summary_large_image\" \/>\n<meta name=\"twitter:label1\" content=\"Est. reading time\" \/>\n\t<meta name=\"twitter:data1\" content=\"1 minut\" \/>\n<script type=\"application\/ld+json\" class=\"yoast-schema-graph\">{\"@context\":\"https:\/\/schema.org\",\"@graph\":[{\"@type\":\"WebPage\",\"@id\":\"https:\/\/accres.eu\/it-uslugi\/\",\"url\":\"https:\/\/accres.eu\/it-uslugi\/\",\"name\":\"\u0418\u0422-\u0443\u0441\u043b\u0443\u0433\u0438 - Accounting Resources\",\"isPartOf\":{\"@id\":\"https:\/\/accres.eu\/en\/#website\"},\"primaryImageOfPage\":{\"@id\":\"https:\/\/accres.eu\/it-uslugi\/#primaryimage\"},\"image\":{\"@id\":\"https:\/\/accres.eu\/it-uslugi\/#primaryimage\"},\"thumbnailUrl\":\"https:\/\/accres.eu\/wp-content\/uploads\/2019\/05\/undraw_data_trends_b0wg-1024x757.png\",\"datePublished\":\"2020-08-26T20:31:25+00:00\",\"dateModified\":\"2025-10-23T07:17:40+00:00\",\"breadcrumb\":{\"@id\":\"https:\/\/accres.eu\/it-uslugi\/#breadcrumb\"},\"inLanguage\":\"et\",\"potentialAction\":[{\"@type\":\"ReadAction\",\"target\":[\"https:\/\/accres.eu\/it-uslugi\/\"]}]},{\"@type\":\"ImageObject\",\"inLanguage\":\"et\",\"@id\":\"https:\/\/accres.eu\/it-uslugi\/#primaryimage\",\"url\":\"https:\/\/accres.eu\/wp-content\/uploads\/2019\/05\/undraw_data_trends_b0wg-1024x757.png\",\"contentUrl\":\"https:\/\/accres.eu\/wp-content\/uploads\/2019\/05\/undraw_data_trends_b0wg-1024x757.png\"},{\"@type\":\"BreadcrumbList\",\"@id\":\"https:\/\/accres.eu\/it-uslugi\/#breadcrumb\",\"itemListElement\":[{\"@type\":\"ListItem\",\"position\":1,\"name\":\"\u0413\u043b\u0430\u0432\u043d\u0430\u044f \u0441\u0442\u0440\u0430\u043d\u0438\u0446\u0430\",\"item\":\"https:\/\/accres.eu\/\"},{\"@type\":\"ListItem\",\"position\":2,\"name\":\"\u0418\u0422-\u0443\u0441\u043b\u0443\u0433\u0438\"}]},{\"@type\":\"WebSite\",\"@id\":\"https:\/\/accres.eu\/en\/#website\",\"url\":\"https:\/\/accres.eu\/en\/\",\"name\":\"AccRes.eu\",\"description\":\"\u0411\u0443\u0445\u0433\u0430\u043b\u0442\u0435\u0440\u0441\u043a\u043e\u0435 \u043e\u0431\u0441\u043b\u0443\u0436\u0438\u0432\u0430\u043d\u0438\u0435, \u0440\u0435\u0433\u0438\u0441\u0442\u0440\u0430\u0446\u0438\u044f \u043a\u043e\u043c\u043f\u0430\u043d\u0438\u0439\",\"publisher\":{\"@id\":\"https:\/\/accres.eu\/en\/#organization\"},\"potentialAction\":[{\"@type\":\"SearchAction\",\"target\":{\"@type\":\"EntryPoint\",\"urlTemplate\":\"https:\/\/accres.eu\/en\/?s={search_term_string}\"},\"query-input\":{\"@type\":\"PropertyValueSpecification\",\"valueRequired\":true,\"valueName\":\"search_term_string\"}}],\"inLanguage\":\"et\"},{\"@type\":\"Organization\",\"@id\":\"https:\/\/accres.eu\/en\/#organization\",\"name\":\"Accounting Resources\",\"url\":\"https:\/\/accres.eu\/en\/\",\"logo\":{\"@type\":\"ImageObject\",\"inLanguage\":\"et\",\"@id\":\"https:\/\/accres.eu\/en\/#\/schema\/logo\/image\/\",\"url\":\"https:\/\/accres.eu\/wp-content\/uploads\/2020\/08\/AR-logo-500-trans-for-light-bkg.png\",\"contentUrl\":\"https:\/\/accres.eu\/wp-content\/uploads\/2020\/08\/AR-logo-500-trans-for-light-bkg.png\",\"width\":501,\"height\":225,\"caption\":\"Accounting Resources\"},\"image\":{\"@id\":\"https:\/\/accres.eu\/en\/#\/schema\/logo\/image\/\"},\"sameAs\":[\"https:\/\/www.facebook.com\/accreseu\"]}]}<\/script>\n<!-- \/ Yoast SEO plugin. -->","yoast_head_json":{"title":"IT-teenused - Raamatupidamisressursid","robots":{"index":"index","follow":"follow","max-snippet":"max-snippet:-1","max-image-preview":"max-image-preview:large","max-video-preview":"max-video-preview:-1"},"canonical":"https:\/\/accres.eu\/et\/it-teenused\/","og_locale":"et_EE","og_type":"article","og_title":"\u0418\u0422-\u0443\u0441\u043b\u0443\u0433\u0438 - Accounting Resources","og_description":"\u0418\u0422-\u0443\u0441\u043b\u0443\u0433\u0438 \u0418\u043d\u0442\u0435\u0433\u0440\u0430\u0446\u0438\u044f CRM \u0415\u0441\u043b\u0438 \u0432\u044b \u0433\u0435\u043d\u0435\u0440\u0438\u0440\u0443\u0435\u0442\u0435 \u0441\u0447\u0435\u0442\u0430 \u0434\u043b\u044f \u0441\u0432\u043e\u0438\u0445 \u043a\u043b\u0438\u0435\u043d\u0442\u043e\u0432 \u0432 \u043b\u044e\u0431\u043e\u0439 CRM \u0441\u0438\u0441\u0442\u0435\u043c\u0435 (\u043d\u0430\u043f\u0440\u0438\u043c\u0435\u0440, Pipedrive, Salesforce, Bitrix24), \u043d\u0435 \u0438\u043c\u0435\u0435\u0442 \u0441\u043c\u044b\u0441\u043b\u0430 \u0437\u0430\u043d\u043e\u0432\u043e \u0437\u0430\u0432\u043e\u0434\u0438\u0442\u044c \u044d\u0442\u0438 \u0441\u0447\u0435\u0442\u0430 \u0432 \u0431\u0443\u0445\u0433\u0430\u043b\u0442\u0435\u0440\u0441\u043a\u0443\u044e \u043f\u0440\u043e\u0433\u0440\u0430\u043c\u043c\u0443, \u044d\u0442\u043e \u0434\u043e\u043b\u0436\u043d\u043e \u043f\u0440\u043e\u0438\u0441\u0445\u043e\u0434\u0438\u0442\u044c \u0430\u0432\u0442\u043e\u043c\u0430\u0442\u0438\u0447\u0435\u0441\u043a\u0438. \u041c\u044b \u043f\u043e\u043c\u043e\u0436\u0435\u043c \u043d\u0430\u0441\u0442\u0440\u043e\u0438\u0442\u044c \u0442\u0430\u043a\u0443\u044e \u0438\u043d\u0442\u0435\u0433\u0440\u0430\u0446\u0438\u044e. \u0418\u043d\u0442\u0435\u0433\u0440\u0430\u0446\u0438\u044f CMS \u0415\u0441\u043b\u0438 \u0441\u0447\u0435\u0442\u0430 \u0434\u043b\u044f \u0432\u0430\u0448\u0438\u0445 \u043a\u043b\u0438\u0435\u043d\u0442\u043e\u0432 \u0433\u0435\u043d\u0435\u0440\u0438\u0440\u0443\u044e\u0442\u0441\u044f \u043d\u0430\u043f\u0440\u044f\u043c\u0443\u044e \u0447\u0435\u0440\u0435\u0437 \u0432\u0430\u0448 \u0441\u0430\u0439\u0442,\u00a0\u043d\u0435 \u0438\u043c\u0435\u0435\u0442 \u0441\u043c\u044b\u0441\u043b\u0430 \u0437\u0430\u043d\u043e\u0432\u043e \u0437\u0430\u0432\u043e\u0434\u0438\u0442\u044c \u044d\u0442\u0438 \u0441\u0447\u0435\u0442\u0430 [&hellip;]","og_url":"https:\/\/accres.eu\/et\/it-teenused\/","og_site_name":"Accounting Resources","article_publisher":"https:\/\/www.facebook.com\/accreseu","article_modified_time":"2025-10-23T07:17:40+00:00","og_image":[{"width":1376,"height":1017,"url":"https:\/\/accres.eu\/wp-content\/uploads\/2019\/05\/undraw_data_trends_b0wg.png","type":"image\/png"}],"twitter_card":"summary_large_image","twitter_misc":{"Est. reading time":"1 minut"},"schema":{"@context":"https:\/\/schema.org","@graph":[{"@type":"WebPage","@id":"https:\/\/accres.eu\/it-uslugi\/","url":"https:\/\/accres.eu\/it-uslugi\/","name":"IT-teenused - Raamatupidamisressursid","isPartOf":{"@id":"https:\/\/accres.eu\/en\/#website"},"primaryImageOfPage":{"@id":"https:\/\/accres.eu\/it-uslugi\/#primaryimage"},"image":{"@id":"https:\/\/accres.eu\/it-uslugi\/#primaryimage"},"thumbnailUrl":"https:\/\/accres.eu\/wp-content\/uploads\/2019\/05\/undraw_data_trends_b0wg-1024x757.png","datePublished":"2020-08-26T20:31:25+00:00","dateModified":"2025-10-23T07:17:40+00:00","breadcrumb":{"@id":"https:\/\/accres.eu\/it-uslugi\/#breadcrumb"},"inLanguage":"et","potentialAction":[{"@type":"ReadAction","target":["https:\/\/accres.eu\/it-uslugi\/"]}]},{"@type":"ImageObject","inLanguage":"et","@id":"https:\/\/accres.eu\/it-uslugi\/#primaryimage","url":"https:\/\/accres.eu\/wp-content\/uploads\/2019\/05\/undraw_data_trends_b0wg-1024x757.png","contentUrl":"https:\/\/accres.eu\/wp-content\/uploads\/2019\/05\/undraw_data_trends_b0wg-1024x757.png"},{"@type":"BreadcrumbList","@id":"https:\/\/accres.eu\/it-uslugi\/#breadcrumb","itemListElement":[{"@type":"ListItem","position":1,"name":"\u0413\u043b\u0430\u0432\u043d\u0430\u044f \u0441\u0442\u0440\u0430\u043d\u0438\u0446\u0430","item":"https:\/\/accres.eu\/"},{"@type":"ListItem","position":2,"name":"\u0418\u0422-\u0443\u0441\u043b\u0443\u0433\u0438"}]},{"@type":"WebSite","@id":"https:\/\/accres.eu\/en\/#website","url":"https:\/\/accres.eu\/en\/","name":"AccRes.eu","description":"Raamatupidamisteenused, ettev\u00f5tete registreerimine","publisher":{"@id":"https:\/\/accres.eu\/en\/#organization"},"potentialAction":[{"@type":"SearchAction","target":{"@type":"EntryPoint","urlTemplate":"https:\/\/accres.eu\/en\/?s={search_term_string}"},"query-input":{"@type":"PropertyValueSpecification","valueRequired":true,"valueName":"search_term_string"}}],"inLanguage":"et"},{"@type":"Organization","@id":"https:\/\/accres.eu\/en\/#organization","name":"Accounting Resources","url":"https:\/\/accres.eu\/en\/","logo":{"@type":"ImageObject","inLanguage":"et","@id":"https:\/\/accres.eu\/en\/#\/schema\/logo\/image\/","url":"https:\/\/accres.eu\/wp-content\/uploads\/2020\/08\/AR-logo-500-trans-for-light-bkg.png","contentUrl":"https:\/\/accres.eu\/wp-content\/uploads\/2020\/08\/AR-logo-500-trans-for-light-bkg.png","width":501,"height":225,"caption":"Accounting Resources"},"image":{"@id":"https:\/\/accres.eu\/en\/#\/schema\/logo\/image\/"},"sameAs":["https:\/\/www.facebook.com\/accreseu"]}]}},"_links":{"self":[{"href":"https:\/\/accres.eu\/et\/wp-json\/wp\/v2\/pages\/1072","targetHints":{"allow":["GET"]}}],"collection":[{"href":"https:\/\/accres.eu\/et\/wp-json\/wp\/v2\/pages"}],"about":[{"href":"https:\/\/accres.eu\/et\/wp-json\/wp\/v2\/types\/page"}],"author":[{"embeddable":true,"href":"https:\/\/accres.eu\/et\/wp-json\/wp\/v2\/users\/1"}],"replies":[{"embeddable":true,"href":"https:\/\/accres.eu\/et\/wp-json\/wp\/v2\/comments?post=1072"}],"version-history":[{"count":12,"href":"https:\/\/accres.eu\/et\/wp-json\/wp\/v2\/pages\/1072\/revisions"}],"predecessor-version":[{"id":6166,"href":"https:\/\/accres.eu\/et\/wp-json\/wp\/v2\/pages\/1072\/revisions\/6166"}],"wp:attachment":[{"href":"https:\/\/accres.eu\/et\/wp-json\/wp\/v2\/media?parent=1072"}],"curies":[{"name":"wp","href":"https:\/\/api.w.org\/{rel}","templated":true}]}}