{"id":1200,"date":"2020-08-30T11:42:18","date_gmt":"2020-08-30T11:42:18","guid":{"rendered":"https:\/\/accres.eu\/accres_html\/?page_id=1200"},"modified":"2025-10-22T19:57:24","modified_gmt":"2025-10-22T19:57:24","slug":"it-teenuste-hind","status":"publish","type":"page","link":"https:\/\/accres.eu\/et\/stoimost-it-uslug\/","title":{"rendered":"IT-teenuste maksumus"},"content":{"rendered":"<div data-elementor-type=\"wp-post\" data-elementor-id=\"1200\" class=\"elementor elementor-1200\" data-elementor-post-type=\"page\">\n\t\t\t\t\t\t<section class=\"elementor-section elementor-top-section elementor-element elementor-element-ce10fba elementor-section-boxed elementor-section-height-default elementor-section-height-default\" data-id=\"ce10fba\" data-element_type=\"section\" data-e-type=\"section\" data-settings=\"{&quot;background_background&quot;:&quot;classic&quot;}\">\n\t\t\t\t\t\t<div class=\"elementor-container elementor-column-gap-default\">\n\t\t\t\t\t<div class=\"elementor-column elementor-col-100 elementor-top-column elementor-element elementor-element-222c0c4\" data-id=\"222c0c4\" data-element_type=\"column\" data-e-type=\"column\">\n\t\t\t<div class=\"elementor-widget-wrap elementor-element-populated\">\n\t\t\t\t\t\t<div class=\"elementor-element elementor-element-5d86256 elementor-widget elementor-widget-heading\" data-id=\"5d86256\" data-element_type=\"widget\" data-e-type=\"widget\" data-widget_type=\"heading.default\">\n\t\t\t\t\t<h2 class=\"elementor-heading-title elementor-size-default\">IT-teenuste hinnad<\/h2>\t\t\t\t<\/div>\n\t\t\t\t\t<\/div>\n\t\t<\/div>\n\t\t\t\t\t<\/div>\n\t\t<\/section>\n\t\t\t\t<section class=\"elementor-section elementor-top-section elementor-element elementor-element-7dd1 elementor-section-boxed elementor-section-height-default elementor-section-height-default\" data-id=\"7dd1\" data-element_type=\"section\" data-e-type=\"section\">\n\t\t\t\t\t\t<div class=\"elementor-container elementor-column-gap-default\">\n\t\t\t\t\t<div class=\"elementor-column elementor-col-50 elementor-top-column elementor-element elementor-element-5be3\" data-id=\"5be3\" data-element_type=\"column\" data-e-type=\"column\">\n\t\t\t<div class=\"elementor-widget-wrap elementor-element-populated\">\n\t\t\t\t\t\t<div class=\"elementor-element elementor-element-4812 elementor-widget elementor-widget-image\" data-id=\"4812\" data-element_type=\"widget\" data-e-type=\"widget\" data-widget_type=\"image.default\">\n\t\t\t\t\t\t\t\t\t\t\t\t\t\t\t<img fetchpriority=\"high\" decoding=\"async\" width=\"1390\" height=\"1026\" src=\"https:\/\/accres.eu\/wp-content\/uploads\/2019\/05\/undraw_site_stats_l57q.webp\" class=\"attachment-full size-full wp-image-816\" alt=\"raamatupidamisteenused\" srcset=\"https:\/\/accres.eu\/wp-content\/uploads\/2019\/05\/undraw_site_stats_l57q.webp 1390w, https:\/\/accres.eu\/wp-content\/uploads\/2019\/05\/undraw_site_stats_l57q-300x221.webp 300w, https:\/\/accres.eu\/wp-content\/uploads\/2019\/05\/undraw_site_stats_l57q-1024x756.webp 1024w, https:\/\/accres.eu\/wp-content\/uploads\/2019\/05\/undraw_site_stats_l57q-768x567.webp 768w, https:\/\/accres.eu\/wp-content\/uploads\/2019\/05\/undraw_site_stats_l57q-600x443.webp 600w\" sizes=\"(max-width: 1390px) 100vw, 1390px\" \/>\t\t\t\t\t\t\t\t\t\t\t\t\t\t\t<\/div>\n\t\t\t\t\t<\/div>\n\t\t<\/div>\n\t\t\t\t<div class=\"elementor-column elementor-col-50 elementor-top-column elementor-element elementor-element-24f8\" data-id=\"24f8\" data-element_type=\"column\" data-e-type=\"column\">\n\t\t\t<div class=\"elementor-widget-wrap elementor-element-populated\">\n\t\t\t\t\t\t<div class=\"elementor-element elementor-element-e90689e elementor-widget elementor-widget-heading\" data-id=\"e90689e\" data-element_type=\"widget\" data-e-type=\"widget\" data-widget_type=\"heading.default\">\n\t\t\t\t\t<h3 class=\"elementor-heading-title elementor-size-default\">IT-teenused<\/h3>\t\t\t\t<\/div>\n\t\t\t\t<div class=\"elementor-element elementor-element-5499 elementor-widget elementor-widget-text-editor\" data-id=\"5499\" data-element_type=\"widget\" data-e-type=\"widget\" data-widget_type=\"text-editor.default\">\n\t\t\t\t\t\t\t\t\t<p><strong>N\u00f5ustamine<\/strong> - tasuta<\/p><p><strong>CMS, CRM ja raamatupidamistarkvara integreerimine<\/strong>\u00a0- 60 eurot\/tund<\/p>\t\t\t\t\t\t\t\t<\/div>\n\t\t\t\t<div class=\"elementor-element elementor-element-7576b85 elementor-widget elementor-widget-spacer\" data-id=\"7576b85\" data-element_type=\"widget\" data-e-type=\"widget\" data-widget_type=\"spacer.default\">\n\t\t\t\t\t\t\t<div class=\"elementor-spacer\">\n\t\t\t<div class=\"elementor-spacer-inner\"><\/div>\n\t\t<\/div>\n\t\t\t\t\t\t<\/div>\n\t\t\t\t<div class=\"elementor-element elementor-element-535e elementor-widget elementor-widget-spacer\" data-id=\"535e\" data-element_type=\"widget\" data-e-type=\"widget\" data-widget_type=\"spacer.default\">\n\t\t\t\t\t\t\t<div class=\"elementor-spacer\">\n\t\t\t<div class=\"elementor-spacer-inner\"><\/div>\n\t\t<\/div>\n\t\t\t\t\t\t<\/div>\n\t\t\t\t\t<\/div>\n\t\t<\/div>\n\t\t\t\t\t<\/div>\n\t\t<\/section>\n\t\t\t\t<section class=\"elementor-section elementor-top-section elementor-element elementor-element-8b0b21b elementor-section-boxed elementor-section-height-default elementor-section-height-default\" data-id=\"8b0b21b\" data-element_type=\"section\" data-e-type=\"section\" data-settings=\"{&quot;background_background&quot;:&quot;classic&quot;}\">\n\t\t\t\t\t\t<div class=\"elementor-container elementor-column-gap-default\">\n\t\t\t\t\t<div class=\"elementor-column elementor-col-100 elementor-top-column elementor-element elementor-element-0675129\" data-id=\"0675129\" data-element_type=\"column\" data-e-type=\"column\">\n\t\t\t<div class=\"elementor-widget-wrap elementor-element-populated\">\n\t\t\t\t\t\t<div class=\"elementor-element elementor-element-acd6c84 elementor-widget elementor-widget-heading\" data-id=\"acd6c84\" data-element_type=\"widget\" data-e-type=\"widget\" data-widget_type=\"heading.default\">\n\t\t\t\t\t<h3 class=\"elementor-heading-title elementor-size-default\"><b>Kas teil on lisak\u00fcsimusi?<\/b><\/h3>\t\t\t\t<\/div>\n\t\t\t\t<div class=\"elementor-element elementor-element-1562997 elementor-widget elementor-widget-text-editor\" data-id=\"1562997\" data-element_type=\"widget\" data-e-type=\"widget\" data-widget_type=\"text-editor.default\">\n\t\t\t\t\t\t\t\t\t<p>Kui teil on kahtlusi v\u00f5i soovite midagi t\u00e4psustada, v\u00f5tke meiega \u00fchendust.<\/p>\t\t\t\t\t\t\t\t<\/div>\n\t\t\t\t<div class=\"elementor-element elementor-element-05312f9 elementor-align-center elementor-widget elementor-widget-button\" data-id=\"05312f9\" data-element_type=\"widget\" data-e-type=\"widget\" data-widget_type=\"button.default\">\n\t\t\t\t\t\t\t\t\t\t<a class=\"elementor-button elementor-button-link elementor-size-sm\" href=\"https:\/\/accres.eu\/et\/kontakt\/\">\n\t\t\t\t\t\t<span class=\"elementor-button-content-wrapper\">\n\t\t\t\t\t\t\t\t\t<span class=\"elementor-button-text\">V\u00f5ta meiega \u00fchendust<\/span>\n\t\t\t\t\t<\/span>\n\t\t\t\t\t<\/a>\n\t\t\t\t\t\t\t\t<\/div>\n\t\t\t\t\t<\/div>\n\t\t<\/div>\n\t\t\t\t\t<\/div>\n\t\t<\/section>\n\t\t\t\t<\/div>","protected":false},"excerpt":{"rendered":"<p>\u0426\u0435\u043d\u044b \u043d\u0430 \u0418\u0422-\u0443\u0441\u043b\u0443\u0433\u0438 \u0418\u0422-\u0443\u0441\u043b\u0443\u0433\u0438 \u041a\u043e\u043d\u0441\u0443\u043b\u044c\u0442\u0430\u0446\u0438\u044f &#8212; \u0431\u0435\u0441\u043f\u043b\u0430\u0442\u043d\u043e \u0418\u043d\u0442\u0435\u0433\u0440\u0430\u0446\u0438\u044f CMS, CRM \u0441 \u0431\u0443\u0445\u0433\u0430\u043b\u0442\u0435\u0440\u0441\u043a\u043e\u0439 \u043f\u0440\u043e\u0433\u0440\u0430\u043c\u043c\u043e\u0439\u00a0&#8212; 60 \u0435\u0432\u0440\u043e\/\u0447\u0430\u0441 \u0423 \u0432\u0430\u0441 \u0432\u043e\u0437\u043d\u0438\u043a\u043b\u0438 \u0434\u043e\u043f\u043e\u043b\u043d\u0438\u0442\u0435\u043b\u044c\u043d\u044b\u0435 \u0432\u043e\u043f\u0440\u043e\u0441\u044b? \u0415\u0441\u043b\u0438 \u0432\u044b \u0432 \u0447\u0451\u043c-\u0442\u043e \u0441\u043e\u043c\u043d\u0435\u0432\u0430\u0435\u0442\u0435\u0441\u044c \u0438\u043b\u0438 \u0445\u043e\u0442\u0438\u0442\u0435 \u0443\u0442\u043e\u0447\u043d\u0438\u0442\u044c, \u0441\u0432\u044f\u0436\u0438\u0442\u0435\u0441\u044c \u0441 \u043d\u0430\u043c\u0438. \u0421\u0432\u044f\u0437\u0430\u0442\u044c\u0441\u044f \u0441 \u043d\u0430\u043c\u0438<\/p>","protected":false},"author":1,"featured_media":0,"parent":0,"menu_order":0,"comment_status":"closed","ping_status":"closed","template":"page-templates\/fullwidth-content.php","meta":{"footnotes":""},"class_list":["post-1200","page","type-page","status-publish","hentry"],"yoast_head":"<!-- This site is optimized with the Yoast SEO plugin v27.0 - https:\/\/yoast.com\/product\/yoast-seo-wordpress\/ -->\n<title>\u0421\u0442\u043e\u0438\u043c\u043e\u0441\u0442\u044c \u0418\u0422-\u0443\u0441\u043b\u0443\u0433 - Accounting Resources<\/title>\n<meta name=\"robots\" content=\"index, follow, max-snippet:-1, max-image-preview:large, max-video-preview:-1\" \/>\n<link rel=\"canonical\" href=\"https:\/\/accres.eu\/et\/it-teenuste-hind\/\" \/>\n<meta property=\"og:locale\" content=\"et_EE\" \/>\n<meta property=\"og:type\" content=\"article\" \/>\n<meta property=\"og:title\" content=\"\u0421\u0442\u043e\u0438\u043c\u043e\u0441\u0442\u044c \u0418\u0422-\u0443\u0441\u043b\u0443\u0433 - Accounting Resources\" \/>\n<meta property=\"og:description\" content=\"\u0426\u0435\u043d\u044b \u043d\u0430 \u0418\u0422-\u0443\u0441\u043b\u0443\u0433\u0438 \u0418\u0422-\u0443\u0441\u043b\u0443\u0433\u0438 \u041a\u043e\u043d\u0441\u0443\u043b\u044c\u0442\u0430\u0446\u0438\u044f &#8212; \u0431\u0435\u0441\u043f\u043b\u0430\u0442\u043d\u043e \u0418\u043d\u0442\u0435\u0433\u0440\u0430\u0446\u0438\u044f CMS, CRM \u0441 \u0431\u0443\u0445\u0433\u0430\u043b\u0442\u0435\u0440\u0441\u043a\u043e\u0439 \u043f\u0440\u043e\u0433\u0440\u0430\u043c\u043c\u043e\u0439\u00a0&#8212; 60 \u0435\u0432\u0440\u043e\/\u0447\u0430\u0441 \u0423 \u0432\u0430\u0441 \u0432\u043e\u0437\u043d\u0438\u043a\u043b\u0438 \u0434\u043e\u043f\u043e\u043b\u043d\u0438\u0442\u0435\u043b\u044c\u043d\u044b\u0435 \u0432\u043e\u043f\u0440\u043e\u0441\u044b? \u0415\u0441\u043b\u0438 \u0432\u044b \u0432 \u0447\u0451\u043c-\u0442\u043e \u0441\u043e\u043c\u043d\u0435\u0432\u0430\u0435\u0442\u0435\u0441\u044c \u0438\u043b\u0438 \u0445\u043e\u0442\u0438\u0442\u0435 \u0443\u0442\u043e\u0447\u043d\u0438\u0442\u044c, \u0441\u0432\u044f\u0436\u0438\u0442\u0435\u0441\u044c \u0441 \u043d\u0430\u043c\u0438. \u0421\u0432\u044f\u0437\u0430\u0442\u044c\u0441\u044f \u0441 \u043d\u0430\u043c\u0438\" \/>\n<meta property=\"og:url\" content=\"https:\/\/accres.eu\/et\/it-teenuste-hind\/\" \/>\n<meta property=\"og:site_name\" content=\"Accounting Resources\" \/>\n<meta property=\"article:publisher\" content=\"https:\/\/www.facebook.com\/accreseu\" \/>\n<meta property=\"article:modified_time\" content=\"2025-10-22T19:57:24+00:00\" \/>\n<meta property=\"og:image\" content=\"https:\/\/accres.eu\/wp-content\/uploads\/2019\/05\/undraw_site_stats_l57q.webp\" \/>\n\t<meta property=\"og:image:width\" content=\"1390\" \/>\n\t<meta property=\"og:image:height\" content=\"1026\" \/>\n\t<meta property=\"og:image:type\" content=\"image\/webp\" \/>\n<meta name=\"twitter:card\" content=\"summary_large_image\" \/>\n<meta name=\"twitter:label1\" content=\"Est. reading time\" \/>\n\t<meta name=\"twitter:data1\" content=\"1 minut\" \/>\n<script type=\"application\/ld+json\" class=\"yoast-schema-graph\">{\"@context\":\"https:\/\/schema.org\",\"@graph\":[{\"@type\":\"WebPage\",\"@id\":\"https:\/\/accres.eu\/en\/it-service-prices\/\",\"url\":\"https:\/\/accres.eu\/en\/it-service-prices\/\",\"name\":\"\u0421\u0442\u043e\u0438\u043c\u043e\u0441\u0442\u044c \u0418\u0422-\u0443\u0441\u043b\u0443\u0433 - Accounting Resources\",\"isPartOf\":{\"@id\":\"https:\/\/accres.eu\/en\/#website\"},\"primaryImageOfPage\":{\"@id\":\"https:\/\/accres.eu\/en\/it-service-prices\/#primaryimage\"},\"image\":{\"@id\":\"https:\/\/accres.eu\/en\/it-service-prices\/#primaryimage\"},\"thumbnailUrl\":\"https:\/\/accres.eu\/wp-content\/uploads\/2019\/05\/undraw_site_stats_l57q.webp\",\"datePublished\":\"2020-08-30T11:42:18+00:00\",\"dateModified\":\"2025-10-22T19:57:24+00:00\",\"breadcrumb\":{\"@id\":\"https:\/\/accres.eu\/en\/it-service-prices\/#breadcrumb\"},\"inLanguage\":\"et\",\"potentialAction\":[{\"@type\":\"ReadAction\",\"target\":[\"https:\/\/accres.eu\/en\/it-service-prices\/\"]}]},{\"@type\":\"ImageObject\",\"inLanguage\":\"et\",\"@id\":\"https:\/\/accres.eu\/en\/it-service-prices\/#primaryimage\",\"url\":\"https:\/\/accres.eu\/wp-content\/uploads\/2019\/05\/undraw_site_stats_l57q.webp\",\"contentUrl\":\"https:\/\/accres.eu\/wp-content\/uploads\/2019\/05\/undraw_site_stats_l57q.webp\"},{\"@type\":\"BreadcrumbList\",\"@id\":\"https:\/\/accres.eu\/en\/it-service-prices\/#breadcrumb\",\"itemListElement\":[{\"@type\":\"ListItem\",\"position\":1,\"name\":\"\u0413\u043b\u0430\u0432\u043d\u0430\u044f \u0441\u0442\u0440\u0430\u043d\u0438\u0446\u0430\",\"item\":\"https:\/\/accres.eu\/\"},{\"@type\":\"ListItem\",\"position\":2,\"name\":\"\u0421\u0442\u043e\u0438\u043c\u043e\u0441\u0442\u044c \u0418\u0422-\u0443\u0441\u043b\u0443\u0433\"}]},{\"@type\":\"WebSite\",\"@id\":\"https:\/\/accres.eu\/en\/#website\",\"url\":\"https:\/\/accres.eu\/en\/\",\"name\":\"AccRes.eu\",\"description\":\"\u0411\u0443\u0445\u0433\u0430\u043b\u0442\u0435\u0440\u0441\u043a\u043e\u0435 \u043e\u0431\u0441\u043b\u0443\u0436\u0438\u0432\u0430\u043d\u0438\u0435, \u0440\u0435\u0433\u0438\u0441\u0442\u0440\u0430\u0446\u0438\u044f \u043a\u043e\u043c\u043f\u0430\u043d\u0438\u0439\",\"publisher\":{\"@id\":\"https:\/\/accres.eu\/en\/#organization\"},\"potentialAction\":[{\"@type\":\"SearchAction\",\"target\":{\"@type\":\"EntryPoint\",\"urlTemplate\":\"https:\/\/accres.eu\/en\/?s={search_term_string}\"},\"query-input\":{\"@type\":\"PropertyValueSpecification\",\"valueRequired\":true,\"valueName\":\"search_term_string\"}}],\"inLanguage\":\"et\"},{\"@type\":\"Organization\",\"@id\":\"https:\/\/accres.eu\/en\/#organization\",\"name\":\"Accounting Resources\",\"url\":\"https:\/\/accres.eu\/en\/\",\"logo\":{\"@type\":\"ImageObject\",\"inLanguage\":\"et\",\"@id\":\"https:\/\/accres.eu\/en\/#\/schema\/logo\/image\/\",\"url\":\"https:\/\/accres.eu\/wp-content\/uploads\/2020\/08\/AR-logo-500-trans-for-light-bkg.png\",\"contentUrl\":\"https:\/\/accres.eu\/wp-content\/uploads\/2020\/08\/AR-logo-500-trans-for-light-bkg.png\",\"width\":501,\"height\":225,\"caption\":\"Accounting Resources\"},\"image\":{\"@id\":\"https:\/\/accres.eu\/en\/#\/schema\/logo\/image\/\"},\"sameAs\":[\"https:\/\/www.facebook.com\/accreseu\"]}]}<\/script>\n<!-- \/ Yoast SEO plugin. -->","yoast_head_json":{"title":"IT-teenuste maksumus - Raamatupidamisvahendid","robots":{"index":"index","follow":"follow","max-snippet":"max-snippet:-1","max-image-preview":"max-image-preview:large","max-video-preview":"max-video-preview:-1"},"canonical":"https:\/\/accres.eu\/et\/it-teenuste-hind\/","og_locale":"et_EE","og_type":"article","og_title":"\u0421\u0442\u043e\u0438\u043c\u043e\u0441\u0442\u044c \u0418\u0422-\u0443\u0441\u043b\u0443\u0433 - Accounting Resources","og_description":"\u0426\u0435\u043d\u044b \u043d\u0430 \u0418\u0422-\u0443\u0441\u043b\u0443\u0433\u0438 \u0418\u0422-\u0443\u0441\u043b\u0443\u0433\u0438 \u041a\u043e\u043d\u0441\u0443\u043b\u044c\u0442\u0430\u0446\u0438\u044f &#8212; \u0431\u0435\u0441\u043f\u043b\u0430\u0442\u043d\u043e \u0418\u043d\u0442\u0435\u0433\u0440\u0430\u0446\u0438\u044f CMS, CRM \u0441 \u0431\u0443\u0445\u0433\u0430\u043b\u0442\u0435\u0440\u0441\u043a\u043e\u0439 \u043f\u0440\u043e\u0433\u0440\u0430\u043c\u043c\u043e\u0439\u00a0&#8212; 60 \u0435\u0432\u0440\u043e\/\u0447\u0430\u0441 \u0423 \u0432\u0430\u0441 \u0432\u043e\u0437\u043d\u0438\u043a\u043b\u0438 \u0434\u043e\u043f\u043e\u043b\u043d\u0438\u0442\u0435\u043b\u044c\u043d\u044b\u0435 \u0432\u043e\u043f\u0440\u043e\u0441\u044b? \u0415\u0441\u043b\u0438 \u0432\u044b \u0432 \u0447\u0451\u043c-\u0442\u043e \u0441\u043e\u043c\u043d\u0435\u0432\u0430\u0435\u0442\u0435\u0441\u044c \u0438\u043b\u0438 \u0445\u043e\u0442\u0438\u0442\u0435 \u0443\u0442\u043e\u0447\u043d\u0438\u0442\u044c, \u0441\u0432\u044f\u0436\u0438\u0442\u0435\u0441\u044c \u0441 \u043d\u0430\u043c\u0438. \u0421\u0432\u044f\u0437\u0430\u0442\u044c\u0441\u044f \u0441 \u043d\u0430\u043c\u0438","og_url":"https:\/\/accres.eu\/et\/it-teenuste-hind\/","og_site_name":"Accounting Resources","article_publisher":"https:\/\/www.facebook.com\/accreseu","article_modified_time":"2025-10-22T19:57:24+00:00","og_image":[{"width":1390,"height":1026,"url":"https:\/\/accres.eu\/wp-content\/uploads\/2019\/05\/undraw_site_stats_l57q.webp","type":"image\/webp"}],"twitter_card":"summary_large_image","twitter_misc":{"Est. reading time":"1 minut"},"schema":{"@context":"https:\/\/schema.org","@graph":[{"@type":"WebPage","@id":"https:\/\/accres.eu\/en\/it-service-prices\/","url":"https:\/\/accres.eu\/en\/it-service-prices\/","name":"IT-teenuste maksumus - Raamatupidamisvahendid","isPartOf":{"@id":"https:\/\/accres.eu\/en\/#website"},"primaryImageOfPage":{"@id":"https:\/\/accres.eu\/en\/it-service-prices\/#primaryimage"},"image":{"@id":"https:\/\/accres.eu\/en\/it-service-prices\/#primaryimage"},"thumbnailUrl":"https:\/\/accres.eu\/wp-content\/uploads\/2019\/05\/undraw_site_stats_l57q.webp","datePublished":"2020-08-30T11:42:18+00:00","dateModified":"2025-10-22T19:57:24+00:00","breadcrumb":{"@id":"https:\/\/accres.eu\/en\/it-service-prices\/#breadcrumb"},"inLanguage":"et","potentialAction":[{"@type":"ReadAction","target":["https:\/\/accres.eu\/en\/it-service-prices\/"]}]},{"@type":"ImageObject","inLanguage":"et","@id":"https:\/\/accres.eu\/en\/it-service-prices\/#primaryimage","url":"https:\/\/accres.eu\/wp-content\/uploads\/2019\/05\/undraw_site_stats_l57q.webp","contentUrl":"https:\/\/accres.eu\/wp-content\/uploads\/2019\/05\/undraw_site_stats_l57q.webp"},{"@type":"BreadcrumbList","@id":"https:\/\/accres.eu\/en\/it-service-prices\/#breadcrumb","itemListElement":[{"@type":"ListItem","position":1,"name":"\u0413\u043b\u0430\u0432\u043d\u0430\u044f \u0441\u0442\u0440\u0430\u043d\u0438\u0446\u0430","item":"https:\/\/accres.eu\/"},{"@type":"ListItem","position":2,"name":"\u0421\u0442\u043e\u0438\u043c\u043e\u0441\u0442\u044c \u0418\u0422-\u0443\u0441\u043b\u0443\u0433"}]},{"@type":"WebSite","@id":"https:\/\/accres.eu\/en\/#website","url":"https:\/\/accres.eu\/en\/","name":"AccRes.eu","description":"Raamatupidamisteenused, ettev\u00f5tete registreerimine","publisher":{"@id":"https:\/\/accres.eu\/en\/#organization"},"potentialAction":[{"@type":"SearchAction","target":{"@type":"EntryPoint","urlTemplate":"https:\/\/accres.eu\/en\/?s={search_term_string}"},"query-input":{"@type":"PropertyValueSpecification","valueRequired":true,"valueName":"search_term_string"}}],"inLanguage":"et"},{"@type":"Organization","@id":"https:\/\/accres.eu\/en\/#organization","name":"Accounting Resources","url":"https:\/\/accres.eu\/en\/","logo":{"@type":"ImageObject","inLanguage":"et","@id":"https:\/\/accres.eu\/en\/#\/schema\/logo\/image\/","url":"https:\/\/accres.eu\/wp-content\/uploads\/2020\/08\/AR-logo-500-trans-for-light-bkg.png","contentUrl":"https:\/\/accres.eu\/wp-content\/uploads\/2020\/08\/AR-logo-500-trans-for-light-bkg.png","width":501,"height":225,"caption":"Accounting Resources"},"image":{"@id":"https:\/\/accres.eu\/en\/#\/schema\/logo\/image\/"},"sameAs":["https:\/\/www.facebook.com\/accreseu"]}]}},"_links":{"self":[{"href":"https:\/\/accres.eu\/et\/wp-json\/wp\/v2\/pages\/1200","targetHints":{"allow":["GET"]}}],"collection":[{"href":"https:\/\/accres.eu\/et\/wp-json\/wp\/v2\/pages"}],"about":[{"href":"https:\/\/accres.eu\/et\/wp-json\/wp\/v2\/types\/page"}],"author":[{"embeddable":true,"href":"https:\/\/accres.eu\/et\/wp-json\/wp\/v2\/users\/1"}],"replies":[{"embeddable":true,"href":"https:\/\/accres.eu\/et\/wp-json\/wp\/v2\/comments?post=1200"}],"version-history":[{"count":3,"href":"https:\/\/accres.eu\/et\/wp-json\/wp\/v2\/pages\/1200\/revisions"}],"predecessor-version":[{"id":6124,"href":"https:\/\/accres.eu\/et\/wp-json\/wp\/v2\/pages\/1200\/revisions\/6124"}],"wp:attachment":[{"href":"https:\/\/accres.eu\/et\/wp-json\/wp\/v2\/media?parent=1200"}],"curies":[{"name":"wp","href":"https:\/\/api.w.org\/{rel}","templated":true}]}}