{"id":1215,"date":"2020-08-30T12:09:07","date_gmt":"2020-08-30T12:09:07","guid":{"rendered":"https:\/\/accres.eu\/accres_html\/?page_id=1215"},"modified":"2025-10-22T20:05:09","modified_gmt":"2025-10-22T20:05:09","slug":"iseteenindus","status":"publish","type":"page","link":"https:\/\/accres.eu\/et\/lichnyi-kabinet\/","title":{"rendered":"ISETEENINDUS"},"content":{"rendered":"<div data-elementor-type=\"wp-page\" data-elementor-id=\"1215\" class=\"elementor elementor-1215\" data-elementor-post-type=\"page\">\n\t\t\t\t\t\t<section class=\"elementor-section elementor-top-section elementor-element elementor-element-4318dda elementor-section-boxed elementor-section-height-default elementor-section-height-default\" data-id=\"4318dda\" data-element_type=\"section\" data-e-type=\"section\" data-settings=\"{&quot;background_background&quot;:&quot;classic&quot;}\">\n\t\t\t\t\t\t<div class=\"elementor-container elementor-column-gap-default\">\n\t\t\t\t\t<div class=\"elementor-column elementor-col-100 elementor-top-column elementor-element elementor-element-fd6a5f8\" data-id=\"fd6a5f8\" data-element_type=\"column\" data-e-type=\"column\">\n\t\t\t<div class=\"elementor-widget-wrap elementor-element-populated\">\n\t\t\t\t\t\t<div class=\"elementor-element elementor-element-636b27b elementor-widget elementor-widget-heading\" data-id=\"636b27b\" data-element_type=\"widget\" data-e-type=\"widget\" data-widget_type=\"heading.default\">\n\t\t\t\t\t<h2 class=\"elementor-heading-title elementor-size-default\">ISETEENINDUS<\/h2>\t\t\t\t<\/div>\n\t\t\t\t\t<\/div>\n\t\t<\/div>\n\t\t\t\t\t<\/div>\n\t\t<\/section>\n\t\t\t\t<section class=\"elementor-section elementor-top-section elementor-element elementor-element-90cdc7b elementor-section-boxed elementor-section-height-default elementor-section-height-default\" data-id=\"90cdc7b\" data-element_type=\"section\" data-e-type=\"section\">\n\t\t\t\t\t\t<div class=\"elementor-container elementor-column-gap-default\">\n\t\t\t\t\t<div class=\"elementor-column elementor-col-50 elementor-top-column elementor-element elementor-element-5710384\" data-id=\"5710384\" data-element_type=\"column\" data-e-type=\"column\">\n\t\t\t<div class=\"elementor-widget-wrap elementor-element-populated\">\n\t\t\t\t\t\t<div class=\"elementor-element elementor-element-188b756 elementor-widget elementor-widget-image\" data-id=\"188b756\" data-element_type=\"widget\" data-e-type=\"widget\" data-widget_type=\"image.default\">\n\t\t\t\t\t\t\t\t\t\t\t\t\t\t\t<img fetchpriority=\"high\" decoding=\"async\" width=\"300\" height=\"225\" src=\"https:\/\/accres.eu\/wp-content\/uploads\/2021\/03\/nolaaccounting-300x225.png\" class=\"attachment-medium size-medium wp-image-2304\" alt=\"Kliendi iseteenindus Nola Accountingu keskkonnas\" srcset=\"https:\/\/accres.eu\/wp-content\/uploads\/2021\/03\/nolaaccounting-300x225.png 300w, https:\/\/accres.eu\/wp-content\/uploads\/2021\/03\/nolaaccounting-16x12.png 16w, https:\/\/accres.eu\/wp-content\/uploads\/2021\/03\/nolaaccounting.png 600w\" sizes=\"(max-width: 300px) 100vw, 300px\" \/>\t\t\t\t\t\t\t\t\t\t\t\t\t\t\t<\/div>\n\t\t\t\t\t<\/div>\n\t\t<\/div>\n\t\t\t\t<div class=\"elementor-column elementor-col-50 elementor-top-column elementor-element elementor-element-fd2a109\" data-id=\"fd2a109\" data-element_type=\"column\" data-e-type=\"column\">\n\t\t\t<div class=\"elementor-widget-wrap elementor-element-populated\">\n\t\t\t\t\t\t<div class=\"elementor-element elementor-element-f8e4057 elementor-widget elementor-widget-heading\" data-id=\"f8e4057\" data-element_type=\"widget\" data-e-type=\"widget\" data-widget_type=\"heading.default\">\n\t\t\t\t\t<h3 class=\"elementor-heading-title elementor-size-default\">Nola Accounting<\/h3>\t\t\t\t<\/div>\n\t\t\t\t<div class=\"elementor-element elementor-element-e5cec41 elementor-widget elementor-widget-text-editor\" data-id=\"e5cec41\" data-element_type=\"widget\" data-e-type=\"widget\" data-widget_type=\"text-editor.default\">\n\t\t\t\t\t\t\t\t\t<p>Et laadida \u00fcles oma ettev\u00f5tte eelmise kuu dokumendid, koostada m\u00fc\u00fcgiarve, alla laadida dokumendimall v\u00f5i registreerida uus t\u00f6\u00f6taja \u2014 logige sisse oma Nola Accountingu kontole.<\/p>\t\t\t\t\t\t\t\t<\/div>\n\t\t\t\t<div class=\"elementor-element elementor-element-6f80376 elementor-align-left elementor-mobile-align-center elementor-widget elementor-widget-button\" data-id=\"6f80376\" data-element_type=\"widget\" data-e-type=\"widget\" data-widget_type=\"button.default\">\n\t\t\t\t\t\t\t\t\t\t<a class=\"elementor-button elementor-button-link elementor-size-sm\" href=\"https:\/\/nola.accres.eu\">\n\t\t\t\t\t\t<span class=\"elementor-button-content-wrapper\">\n\t\t\t\t\t\t\t\t\t<span class=\"elementor-button-text\">Sisene<\/span>\n\t\t\t\t\t<\/span>\n\t\t\t\t\t<\/a>\n\t\t\t\t\t\t\t\t<\/div>\n\t\t\t\t\t<\/div>\n\t\t<\/div>\n\t\t\t\t\t<\/div>\n\t\t<\/section>\n\t\t<div class=\"elementor-element elementor-element-3350365 e-flex e-con-boxed e-con e-parent\" data-id=\"3350365\" data-element_type=\"container\" data-e-type=\"container\">\n\t\t\t\t\t<div class=\"e-con-inner\">\n\t\t\t\t<div class=\"elementor-element elementor-element-f4e332d elementor-widget-divider--view-line elementor-widget elementor-widget-divider\" data-id=\"f4e332d\" data-element_type=\"widget\" data-e-type=\"widget\" data-widget_type=\"divider.default\">\n\t\t\t\t\t\t\t<div class=\"elementor-divider\">\n\t\t\t<span class=\"elementor-divider-separator\">\n\t\t\t\t\t\t<\/span>\n\t\t<\/div>\n\t\t\t\t\t\t<\/div>\n\t\t\t\t\t<\/div>\n\t\t\t\t<\/div>\n\t\t\t\t<\/div>","protected":false},"excerpt":{"rendered":"<p>\u041b\u0438\u0447\u043d\u044b\u0439 \u043a\u0430\u0431\u0438\u043d\u0435\u0442 Nola Accounting \u0414\u043b\u044f \u0442\u043e\u0433\u043e, \u0447\u0442\u043e\u0431\u044b \u043f\u0435\u0440\u0435\u0434\u0430\u0442\u044c \u0434\u043e\u043a\u0443\u043c\u0435\u043d\u0442\u044b \u043f\u043e \u0432\u0430\u0448\u0435\u0439 \u043a\u043e\u043c\u043f\u0430\u043d\u0438\u0438 \u0437\u0430 \u043f\u0440\u043e\u0448\u043b\u044b\u0439 \u043c\u0435\u0441\u044f\u0446, \u0441\u0433\u0435\u043d\u0435\u0440\u0438\u0440\u043e\u0432\u0430\u0442\u044c \u0438\u043d\u0432\u043e\u0439\u0441 \u043d\u0430 \u043f\u0440\u043e\u0434\u0430\u0436\u0443, \u0441\u043a\u0430\u0447\u0430\u0442\u044c \u0448\u0430\u0431\u043b\u043e\u043d \u0434\u043e\u043a\u0443\u043c\u0435\u043d\u0442\u0430 \u0434\u043b\u044f \u0431\u0438\u0437\u043d\u0435\u0441\u0430 \u0438\u043b\u0438 \u0437\u0430\u0440\u0435\u0433\u0438\u0441\u0442\u0440\u0438\u0440\u043e\u0432\u0430\u0442\u044c \u0441\u0432\u043e\u0435\u0433\u043e \u0441\u043e\u0442\u0440\u0443\u0434\u043d\u0438\u043a\u0430, \u0432\u043e\u0439\u0434\u0438\u0442\u0435 \u0432 \u0441\u0432\u043e\u0439 \u043b\u0438\u0447\u043d\u044b\u0439 \u043a\u0430\u0431\u0438\u043d\u0435\u0442 \u0432 Nola Accounting. \u0412\u043e\u0439\u0442\u0438<\/p>","protected":false},"author":1,"featured_media":0,"parent":0,"menu_order":0,"comment_status":"closed","ping_status":"closed","template":"page-templates\/fullwidth-content.php","meta":{"footnotes":""},"class_list":["post-1215","page","type-page","status-publish","hentry"],"yoast_head":"<!-- This site is optimized with the Yoast SEO plugin v27.0 - https:\/\/yoast.com\/product\/yoast-seo-wordpress\/ -->\n<title>\u041b\u0438\u0447\u043d\u044b\u0439 \u043a\u0430\u0431\u0438\u043d\u0435\u0442 - Accounting Resources<\/title>\n<meta name=\"robots\" content=\"index, follow, max-snippet:-1, max-image-preview:large, max-video-preview:-1\" \/>\n<link rel=\"canonical\" href=\"https:\/\/accres.eu\/et\/iseteenindus\/\" \/>\n<meta property=\"og:locale\" content=\"et_EE\" \/>\n<meta property=\"og:type\" content=\"article\" \/>\n<meta property=\"og:title\" content=\"\u041b\u0438\u0447\u043d\u044b\u0439 \u043a\u0430\u0431\u0438\u043d\u0435\u0442 - Accounting Resources\" \/>\n<meta property=\"og:description\" content=\"\u041b\u0438\u0447\u043d\u044b\u0439 \u043a\u0430\u0431\u0438\u043d\u0435\u0442 Nola Accounting \u0414\u043b\u044f \u0442\u043e\u0433\u043e, \u0447\u0442\u043e\u0431\u044b \u043f\u0435\u0440\u0435\u0434\u0430\u0442\u044c \u0434\u043e\u043a\u0443\u043c\u0435\u043d\u0442\u044b \u043f\u043e \u0432\u0430\u0448\u0435\u0439 \u043a\u043e\u043c\u043f\u0430\u043d\u0438\u0438 \u0437\u0430 \u043f\u0440\u043e\u0448\u043b\u044b\u0439 \u043c\u0435\u0441\u044f\u0446, \u0441\u0433\u0435\u043d\u0435\u0440\u0438\u0440\u043e\u0432\u0430\u0442\u044c \u0438\u043d\u0432\u043e\u0439\u0441 \u043d\u0430 \u043f\u0440\u043e\u0434\u0430\u0436\u0443, \u0441\u043a\u0430\u0447\u0430\u0442\u044c \u0448\u0430\u0431\u043b\u043e\u043d \u0434\u043e\u043a\u0443\u043c\u0435\u043d\u0442\u0430 \u0434\u043b\u044f \u0431\u0438\u0437\u043d\u0435\u0441\u0430 \u0438\u043b\u0438 \u0437\u0430\u0440\u0435\u0433\u0438\u0441\u0442\u0440\u0438\u0440\u043e\u0432\u0430\u0442\u044c \u0441\u0432\u043e\u0435\u0433\u043e \u0441\u043e\u0442\u0440\u0443\u0434\u043d\u0438\u043a\u0430, \u0432\u043e\u0439\u0434\u0438\u0442\u0435 \u0432 \u0441\u0432\u043e\u0439 \u043b\u0438\u0447\u043d\u044b\u0439 \u043a\u0430\u0431\u0438\u043d\u0435\u0442 \u0432 Nola Accounting. \u0412\u043e\u0439\u0442\u0438\" \/>\n<meta property=\"og:url\" content=\"https:\/\/accres.eu\/et\/iseteenindus\/\" \/>\n<meta property=\"og:site_name\" content=\"Accounting Resources\" \/>\n<meta property=\"article:publisher\" content=\"https:\/\/www.facebook.com\/accreseu\" \/>\n<meta property=\"article:modified_time\" content=\"2025-10-22T20:05:09+00:00\" \/>\n<meta property=\"og:image\" content=\"https:\/\/accres.eu\/wp-content\/uploads\/2021\/03\/nolaaccounting.png\" \/>\n\t<meta property=\"og:image:width\" content=\"600\" \/>\n\t<meta property=\"og:image:height\" content=\"450\" \/>\n\t<meta property=\"og:image:type\" content=\"image\/png\" \/>\n<meta name=\"twitter:card\" content=\"summary_large_image\" \/>\n<meta name=\"twitter:label1\" content=\"Est. reading time\" \/>\n\t<meta name=\"twitter:data1\" content=\"1 minut\" \/>\n<script type=\"application\/ld+json\" class=\"yoast-schema-graph\">{\"@context\":\"https:\/\/schema.org\",\"@graph\":[{\"@type\":\"WebPage\",\"@id\":\"https:\/\/accres.eu\/lichnyi-kabinet\/\",\"url\":\"https:\/\/accres.eu\/lichnyi-kabinet\/\",\"name\":\"\u041b\u0438\u0447\u043d\u044b\u0439 \u043a\u0430\u0431\u0438\u043d\u0435\u0442 - Accounting Resources\",\"isPartOf\":{\"@id\":\"https:\/\/accres.eu\/en\/#website\"},\"primaryImageOfPage\":{\"@id\":\"https:\/\/accres.eu\/lichnyi-kabinet\/#primaryimage\"},\"image\":{\"@id\":\"https:\/\/accres.eu\/lichnyi-kabinet\/#primaryimage\"},\"thumbnailUrl\":\"https:\/\/accres.eu\/wp-content\/uploads\/2021\/03\/nolaaccounting-300x225.png\",\"datePublished\":\"2020-08-30T12:09:07+00:00\",\"dateModified\":\"2025-10-22T20:05:09+00:00\",\"breadcrumb\":{\"@id\":\"https:\/\/accres.eu\/lichnyi-kabinet\/#breadcrumb\"},\"inLanguage\":\"et\",\"potentialAction\":[{\"@type\":\"ReadAction\",\"target\":[\"https:\/\/accres.eu\/lichnyi-kabinet\/\"]}]},{\"@type\":\"ImageObject\",\"inLanguage\":\"et\",\"@id\":\"https:\/\/accres.eu\/lichnyi-kabinet\/#primaryimage\",\"url\":\"https:\/\/accres.eu\/wp-content\/uploads\/2021\/03\/nolaaccounting-300x225.png\",\"contentUrl\":\"https:\/\/accres.eu\/wp-content\/uploads\/2021\/03\/nolaaccounting-300x225.png\"},{\"@type\":\"BreadcrumbList\",\"@id\":\"https:\/\/accres.eu\/lichnyi-kabinet\/#breadcrumb\",\"itemListElement\":[{\"@type\":\"ListItem\",\"position\":1,\"name\":\"\u0413\u043b\u0430\u0432\u043d\u0430\u044f \u0441\u0442\u0440\u0430\u043d\u0438\u0446\u0430\",\"item\":\"https:\/\/accres.eu\/\"},{\"@type\":\"ListItem\",\"position\":2,\"name\":\"\u041b\u0438\u0447\u043d\u044b\u0439 \u043a\u0430\u0431\u0438\u043d\u0435\u0442\"}]},{\"@type\":\"WebSite\",\"@id\":\"https:\/\/accres.eu\/en\/#website\",\"url\":\"https:\/\/accres.eu\/en\/\",\"name\":\"AccRes.eu\",\"description\":\"\u0411\u0443\u0445\u0433\u0430\u043b\u0442\u0435\u0440\u0441\u043a\u043e\u0435 \u043e\u0431\u0441\u043b\u0443\u0436\u0438\u0432\u0430\u043d\u0438\u0435, \u0440\u0435\u0433\u0438\u0441\u0442\u0440\u0430\u0446\u0438\u044f \u043a\u043e\u043c\u043f\u0430\u043d\u0438\u0439\",\"publisher\":{\"@id\":\"https:\/\/accres.eu\/en\/#organization\"},\"potentialAction\":[{\"@type\":\"SearchAction\",\"target\":{\"@type\":\"EntryPoint\",\"urlTemplate\":\"https:\/\/accres.eu\/en\/?s={search_term_string}\"},\"query-input\":{\"@type\":\"PropertyValueSpecification\",\"valueRequired\":true,\"valueName\":\"search_term_string\"}}],\"inLanguage\":\"et\"},{\"@type\":\"Organization\",\"@id\":\"https:\/\/accres.eu\/en\/#organization\",\"name\":\"Accounting Resources\",\"url\":\"https:\/\/accres.eu\/en\/\",\"logo\":{\"@type\":\"ImageObject\",\"inLanguage\":\"et\",\"@id\":\"https:\/\/accres.eu\/en\/#\/schema\/logo\/image\/\",\"url\":\"https:\/\/accres.eu\/wp-content\/uploads\/2020\/08\/AR-logo-500-trans-for-light-bkg.png\",\"contentUrl\":\"https:\/\/accres.eu\/wp-content\/uploads\/2020\/08\/AR-logo-500-trans-for-light-bkg.png\",\"width\":501,\"height\":225,\"caption\":\"Accounting Resources\"},\"image\":{\"@id\":\"https:\/\/accres.eu\/en\/#\/schema\/logo\/image\/\"},\"sameAs\":[\"https:\/\/www.facebook.com\/accreseu\"]}]}<\/script>\n<!-- \/ Yoast SEO plugin. -->","yoast_head_json":{"title":"Minu konto - Raamatupidamisressursid","robots":{"index":"index","follow":"follow","max-snippet":"max-snippet:-1","max-image-preview":"max-image-preview:large","max-video-preview":"max-video-preview:-1"},"canonical":"https:\/\/accres.eu\/et\/iseteenindus\/","og_locale":"et_EE","og_type":"article","og_title":"\u041b\u0438\u0447\u043d\u044b\u0439 \u043a\u0430\u0431\u0438\u043d\u0435\u0442 - Accounting Resources","og_description":"\u041b\u0438\u0447\u043d\u044b\u0439 \u043a\u0430\u0431\u0438\u043d\u0435\u0442 Nola Accounting \u0414\u043b\u044f \u0442\u043e\u0433\u043e, \u0447\u0442\u043e\u0431\u044b \u043f\u0435\u0440\u0435\u0434\u0430\u0442\u044c \u0434\u043e\u043a\u0443\u043c\u0435\u043d\u0442\u044b \u043f\u043e \u0432\u0430\u0448\u0435\u0439 \u043a\u043e\u043c\u043f\u0430\u043d\u0438\u0438 \u0437\u0430 \u043f\u0440\u043e\u0448\u043b\u044b\u0439 \u043c\u0435\u0441\u044f\u0446, \u0441\u0433\u0435\u043d\u0435\u0440\u0438\u0440\u043e\u0432\u0430\u0442\u044c \u0438\u043d\u0432\u043e\u0439\u0441 \u043d\u0430 \u043f\u0440\u043e\u0434\u0430\u0436\u0443, \u0441\u043a\u0430\u0447\u0430\u0442\u044c \u0448\u0430\u0431\u043b\u043e\u043d \u0434\u043e\u043a\u0443\u043c\u0435\u043d\u0442\u0430 \u0434\u043b\u044f \u0431\u0438\u0437\u043d\u0435\u0441\u0430 \u0438\u043b\u0438 \u0437\u0430\u0440\u0435\u0433\u0438\u0441\u0442\u0440\u0438\u0440\u043e\u0432\u0430\u0442\u044c \u0441\u0432\u043e\u0435\u0433\u043e \u0441\u043e\u0442\u0440\u0443\u0434\u043d\u0438\u043a\u0430, \u0432\u043e\u0439\u0434\u0438\u0442\u0435 \u0432 \u0441\u0432\u043e\u0439 \u043b\u0438\u0447\u043d\u044b\u0439 \u043a\u0430\u0431\u0438\u043d\u0435\u0442 \u0432 Nola Accounting. \u0412\u043e\u0439\u0442\u0438","og_url":"https:\/\/accres.eu\/et\/iseteenindus\/","og_site_name":"Accounting Resources","article_publisher":"https:\/\/www.facebook.com\/accreseu","article_modified_time":"2025-10-22T20:05:09+00:00","og_image":[{"width":600,"height":450,"url":"https:\/\/accres.eu\/wp-content\/uploads\/2021\/03\/nolaaccounting.png","type":"image\/png"}],"twitter_card":"summary_large_image","twitter_misc":{"Est. reading time":"1 minut"},"schema":{"@context":"https:\/\/schema.org","@graph":[{"@type":"WebPage","@id":"https:\/\/accres.eu\/lichnyi-kabinet\/","url":"https:\/\/accres.eu\/lichnyi-kabinet\/","name":"Minu konto - Raamatupidamisressursid","isPartOf":{"@id":"https:\/\/accres.eu\/en\/#website"},"primaryImageOfPage":{"@id":"https:\/\/accres.eu\/lichnyi-kabinet\/#primaryimage"},"image":{"@id":"https:\/\/accres.eu\/lichnyi-kabinet\/#primaryimage"},"thumbnailUrl":"https:\/\/accres.eu\/wp-content\/uploads\/2021\/03\/nolaaccounting-300x225.png","datePublished":"2020-08-30T12:09:07+00:00","dateModified":"2025-10-22T20:05:09+00:00","breadcrumb":{"@id":"https:\/\/accres.eu\/lichnyi-kabinet\/#breadcrumb"},"inLanguage":"et","potentialAction":[{"@type":"ReadAction","target":["https:\/\/accres.eu\/lichnyi-kabinet\/"]}]},{"@type":"ImageObject","inLanguage":"et","@id":"https:\/\/accres.eu\/lichnyi-kabinet\/#primaryimage","url":"https:\/\/accres.eu\/wp-content\/uploads\/2021\/03\/nolaaccounting-300x225.png","contentUrl":"https:\/\/accres.eu\/wp-content\/uploads\/2021\/03\/nolaaccounting-300x225.png"},{"@type":"BreadcrumbList","@id":"https:\/\/accres.eu\/lichnyi-kabinet\/#breadcrumb","itemListElement":[{"@type":"ListItem","position":1,"name":"\u0413\u043b\u0430\u0432\u043d\u0430\u044f \u0441\u0442\u0440\u0430\u043d\u0438\u0446\u0430","item":"https:\/\/accres.eu\/"},{"@type":"ListItem","position":2,"name":"\u041b\u0438\u0447\u043d\u044b\u0439 \u043a\u0430\u0431\u0438\u043d\u0435\u0442"}]},{"@type":"WebSite","@id":"https:\/\/accres.eu\/en\/#website","url":"https:\/\/accres.eu\/en\/","name":"AccRes.eu","description":"Raamatupidamisteenused, ettev\u00f5tete registreerimine","publisher":{"@id":"https:\/\/accres.eu\/en\/#organization"},"potentialAction":[{"@type":"SearchAction","target":{"@type":"EntryPoint","urlTemplate":"https:\/\/accres.eu\/en\/?s={search_term_string}"},"query-input":{"@type":"PropertyValueSpecification","valueRequired":true,"valueName":"search_term_string"}}],"inLanguage":"et"},{"@type":"Organization","@id":"https:\/\/accres.eu\/en\/#organization","name":"Accounting Resources","url":"https:\/\/accres.eu\/en\/","logo":{"@type":"ImageObject","inLanguage":"et","@id":"https:\/\/accres.eu\/en\/#\/schema\/logo\/image\/","url":"https:\/\/accres.eu\/wp-content\/uploads\/2020\/08\/AR-logo-500-trans-for-light-bkg.png","contentUrl":"https:\/\/accres.eu\/wp-content\/uploads\/2020\/08\/AR-logo-500-trans-for-light-bkg.png","width":501,"height":225,"caption":"Accounting Resources"},"image":{"@id":"https:\/\/accres.eu\/en\/#\/schema\/logo\/image\/"},"sameAs":["https:\/\/www.facebook.com\/accreseu"]}]}},"_links":{"self":[{"href":"https:\/\/accres.eu\/et\/wp-json\/wp\/v2\/pages\/1215","targetHints":{"allow":["GET"]}}],"collection":[{"href":"https:\/\/accres.eu\/et\/wp-json\/wp\/v2\/pages"}],"about":[{"href":"https:\/\/accres.eu\/et\/wp-json\/wp\/v2\/types\/page"}],"author":[{"embeddable":true,"href":"https:\/\/accres.eu\/et\/wp-json\/wp\/v2\/users\/1"}],"replies":[{"embeddable":true,"href":"https:\/\/accres.eu\/et\/wp-json\/wp\/v2\/comments?post=1215"}],"version-history":[{"count":15,"href":"https:\/\/accres.eu\/et\/wp-json\/wp\/v2\/pages\/1215\/revisions"}],"predecessor-version":[{"id":6139,"href":"https:\/\/accres.eu\/et\/wp-json\/wp\/v2\/pages\/1215\/revisions\/6139"}],"wp:attachment":[{"href":"https:\/\/accres.eu\/et\/wp-json\/wp\/v2\/media?parent=1215"}],"curies":[{"name":"wp","href":"https:\/\/api.w.org\/{rel}","templated":true}]}}